{"id":2051,"date":"2019-12-18T19:21:48","date_gmt":"2019-12-18T19:21:48","guid":{"rendered":"https:\/\/www.ismm.edu.cu\/?page_id=770"},"modified":"2023-06-28T17:49:43","modified_gmt":"2023-06-28T17:49:43","slug":"reconocimientos","status":"publish","type":"page","link":"https:\/\/www.ismm.edu.cu\/index.php\/reconocimientos\/","title":{"rendered":"Reconocimientos"},"content":{"rendered":"<p>[et_pb_section fb_built=\u00bb1&#8243; next_background_color=\u00bb#ffffff\u00bb admin_label=\u00bbHero\u00bb _builder_version=\u00bb3.22&#8243; use_background_color_gradient=\u00bbon\u00bb background_color_gradient_start=\u00bb#283d4b\u00bb background_color_gradient_end=\u00bbrgba(128,103,79,0.5)\u00bb background_color_gradient_direction=\u00bb70deg\u00bb background_color_gradient_overlays_image=\u00bbon\u00bb background_image=\u00bbhttps:\/\/www.ismm.edu.cu\/wp-content\/uploads\/2020\/01\/Header-1.jpg\u00bb custom_margin=\u00bb|||\u00bb custom_padding=\u00bb6vw|||\u00bb bottom_divider_style=\u00bbmountains2&#8243; bottom_divider_height=\u00bb20vw\u00bb bottom_divider_repeat=\u00bb0.5x\u00bb bottom_divider_flip=\u00bbhorizontal|vertical\u00bb][et_pb_row _builder_version=\u00bb3.25&#8243; custom_margin=\u00bb|auto||62px||\u00bb custom_padding=\u00bb27px|0px|0|0px|false|false\u00bb][et_pb_column type=\u00bb4_4&#8243; _builder_version=\u00bb3.25&#8243; custom_padding=\u00bb|||\u00bb custom_padding__hover=\u00bb|||\u00bb][et_pb_text _builder_version=\u00bb4.9.1&#8243; text_font=\u00bb||||||||\u00bb header_font=\u00bbJosefin Sans|700|||||||\u00bb header_font_size=\u00bb90px\u00bb header_line_height=\u00bb1.4em\u00bb header_2_font=\u00bbJosefin Sans||||||||\u00bb header_2_text_color=\u00bbrgba(255,255,255,0.6)\u00bb header_2_font_size=\u00bb32px\u00bb header_2_line_height=\u00bb1.4em\u00bb background_layout=\u00bbdark\u00bb animation_style=\u00bbslide\u00bb animation_direction=\u00bbright\u00bb animation_intensity_slide=\u00bb4%\u00bb header_font_size_tablet=\u00bb50px\u00bb header_font_size_phone=\u00bb32px\u00bb header_font_size_last_edited=\u00bbon|desktop\u00bb header_2_font_size_tablet=\u00bb\u00bb header_2_font_size_phone=\u00bb24px\u00bb header_2_font_size_last_edited=\u00bbon|phone\u00bb]<\/p>\n<h1>Reconocimientos<\/h1>\n<p>&nbsp;<\/p>\n<h2><span style=\"color: #ffffff;\">\u02bb\u02bbEmplearse en lo est\u00e9ril cuando se puede hacer lo \u00fatil; ocuparse en lo f\u00e1cil cuando se tienen brios para intentar lo dif\u00edcil, es despojar de dignidad al talento\u02bc\u02bc<\/span><\/h2>\n<h2 style=\"text-align: right;\"><span style=\"color: #ffffff;\">Jos\u00e9 Mart\u00ed<\/span><\/h2>\n<p>&nbsp;<\/p>\n<p style=\"text-align: right;\">\n<p>&nbsp;<\/p>\n<p>&nbsp;<\/p>\n<p>[\/et_pb_text][\/et_pb_column][\/et_pb_row][et_pb_row use_custom_gutter=\u00bbon\u00bb gutter_width=\u00bb1&#8243; disabled_on=\u00bbon|off|off\u00bb module_class=\u00bb et_pb_row_fullwidth\u00bb _builder_version=\u00bb3.25&#8243; width=\u00bb100%\u00bb width_tablet=\u00bb100%\u00bb width_phone=\u00bb\u00bb width_last_edited=\u00bbon|desktop\u00bb max_width=\u00bb100%\u00bb max_width_tablet=\u00bb100%\u00bb max_width_phone=\u00bb\u00bb max_width_last_edited=\u00bbon|desktop\u00bb make_fullwidth=\u00bbon\u00bb locked=\u00bboff\u00bb][et_pb_column type=\u00bb4_4&#8243; _builder_version=\u00bb3.25&#8243; custom_padding=\u00bb|||\u00bb custom_padding__hover=\u00bb|||\u00bb][et_pb_text _builder_version=\u00bb4.0.11&#8243; text_font=\u00bb|700||on|||||\u00bb text_text_color=\u00bbrgba(255,244,244,0.2)\u00bb text_font_size=\u00bb15vw\u00bb text_line_height=\u00bb1em\u00bb quote_font=\u00bb||||||||\u00bb header_font=\u00bb||||||||\u00bb text_orientation=\u00bbcenter\u00bb custom_margin=\u00bb||-0.4em|\u00bb custom_padding=\u00bb|||\u00bb filter_blur=\u00bb7px\u00bb animation_style=\u00bbslide\u00bb animation_direction=\u00bbright\u00bb animation_duration=\u00bb10000ms\u00bb animation_intensity_slide=\u00bb10%\u00bb animation_starting_opacity=\u00bb40%\u00bb animation_speed_curve=\u00bblinear\u00bb text_font_size_tablet=\u00bb124px\u00bb text_font_size_phone=\u00bb90px\u00bb text_font_size_last_edited=\u00bboff|desktop\u00bb]<\/p>\n<p>U Moa<\/p>\n<p>[\/et_pb_text][\/et_pb_column][\/et_pb_row][\/et_pb_section][et_pb_section fb_built=\u00bb1&#8243; _builder_version=\u00bb4.9.1&#8243; _module_preset=\u00bbdefault\u00bb][et_pb_row _builder_version=\u00bb4.9.1&#8243; _module_preset=\u00bbdefault\u00bb][et_pb_column type=\u00bb4_4&#8243; _builder_version=\u00bb4.9.1&#8243; _module_preset=\u00bbdefault\u00bb][et_pb_text _builder_version=\u00bb4.9.1&#8243; _module_preset=\u00bbdefault\u00bb text_font=\u00bbArial||||||||\u00bb]<\/p>\n<h2>Reconocemos a aquellos que por su intensa labor han hecho posible el desarrollo exitoso de los procesos sustantivos del centro.<\/h2>\n<p>[\/et_pb_text][\/et_pb_column][\/et_pb_row][\/et_pb_section][et_pb_section fb_built=\u00bb1&#8243; custom_padding_last_edited=\u00bboff|desktop\u00bb admin_label=\u00bbServices\u00bb _builder_version=\u00bb3.22&#8243; custom_padding=\u00bb0px|||||\u00bb locked=\u00bboff\u00bb][et_pb_row column_structure=\u00bb1_4,1_4,1_4,1_4&#8243; use_custom_gutter=\u00bbon\u00bb gutter_width=\u00bb2&#8243; _builder_version=\u00bb3.25&#8243; max_width=\u00bb1440px\u00bb use_custom_width=\u00bbon\u00bb custom_width_px=\u00bb1440px\u00bb][et_pb_column type=\u00bb1_4&#8243; _builder_version=\u00bb3.25&#8243; custom_padding=\u00bb|||\u00bb custom_padding__hover=\u00bb|||\u00bb][et_pb_blurb title=\u00bbDistinci\u00f3n por la Educaci\u00f3n Cubana\u00bb image=\u00bbhttps:\/\/www.ismm.edu.cu\/wp-content\/uploads\/2023\/06\/320342193_tcimg_9BCB5C2D-4.jpg\u00bb _builder_version=\u00bb4.9.1&#8243; header_font=\u00bbJosefin Sans|700||on|||||\u00bb body_font=\u00bb||||||||\u00bb body_line_height=\u00bb1.8em\u00bb background_color=\u00bb#00afec\u00bb background_layout=\u00bbdark\u00bb custom_margin=\u00bb|||\u00bb custom_margin_tablet=\u00bb|0px|30px|0px\u00bb custom_margin_phone=\u00bb\u00bb custom_margin_last_edited=\u00bbon|tablet\u00bb custom_padding=\u00bb40px|20px|40px|20px|true|true\u00bb animation_style=\u00bbfold\u00bb animation_direction=\u00bbright\u00bb animation_intensity_fold=\u00bb20%\u00bb animation=\u00bboff\u00bb link_option_url=\u00bbhttps:\/\/www.ismm.edu.cu\/wp-content\/uploads\/2020\/02\/distinci\u00f3n_educ_cub.pdf\u00bb link_option_url_new_window=\u00bbon\u00bb hover_enabled=\u00bb0&#8243; border_radii_image=\u00bbon|200px|200px|200px|200px\u00bb box_shadow_style=\u00bbpreset3&#8243; box_shadow_vertical=\u00bb40px\u00bb box_shadow_blur=\u00bb60px\u00bb box_shadow_spread=\u00bb-30px\u00bb box_shadow_color=\u00bbrgba(0,0,0,0.34)\u00bb locked=\u00bboff\u00bb title_text=\u00bb320342193_tcimg_9BCB5C2D\u00bb sticky_enabled=\u00bb0&#8243;]<\/p>\n<p>Se otorga a ciudadanos cubanos y<br \/>extranjeros, en reconocimiento a m\u00e9ritos alcanzados y a la labor realizada en el enriquecimiento de la<br \/>educaci\u00f3n y en la promoci\u00f3n del trabajo educativo en el pa\u00eds.<\/p>\n<p>[\/et_pb_blurb][\/et_pb_column][et_pb_column type=\u00bb1_4&#8243; _builder_version=\u00bb3.25&#8243; custom_padding=\u00bb|||\u00bb custom_padding__hover=\u00bb|||\u00bb][et_pb_blurb title=\u00bbOrden Frank Pa\u00eds\u00bb image=\u00bbhttps:\/\/www.ismm.edu.cu\/wp-content\/uploads\/2023\/06\/260px-Orden-Frank-Pais-copia-3.jpg\u00bb _builder_version=\u00bb4.9.1&#8243; header_font=\u00bbJosefin Sans|700||on|||||\u00bb body_font=\u00bb||||||||\u00bb body_line_height=\u00bb1.8em\u00bb background_color=\u00bb#990000&#8243; background_layout=\u00bbdark\u00bb custom_margin=\u00bb|||\u00bb custom_margin_tablet=\u00bb||30px|\u00bb custom_margin_phone=\u00bb\u00bb custom_margin_last_edited=\u00bbon|tablet\u00bb custom_padding=\u00bb40px|20px|40px|20px|true|true\u00bb animation_style=\u00bbfold\u00bb animation_direction=\u00bbleft\u00bb animation_delay=\u00bb100ms\u00bb animation_intensity_fold=\u00bb20%\u00bb animation=\u00bboff\u00bb link_option_url=\u00bbhttps:\/\/www.ismm.edu.cu\/wp-content\/uploads\/2020\/02\/frank_pais.pdf\u00bb link_option_url_new_window=\u00bbon\u00bb hover_enabled=\u00bb0&#8243; box_shadow_style=\u00bbpreset3&#8243; box_shadow_vertical=\u00bb40px\u00bb box_shadow_blur=\u00bb60px\u00bb box_shadow_spread=\u00bb-30px\u00bb box_shadow_color=\u00bbrgba(0,0,0,0.34)\u00bb locked=\u00bboff\u00bb title_text=\u00bb260px-Orden-Frank-Pais &#8211; copia\u00bb border_radii_image=\u00bbon|200px|200px|200px|200px\u00bb sticky_enabled=\u00bb0&#8243;]<\/p>\n<p>Se otorga a ciudadanos cubanos y extranjeros, en reconocimiento a m\u00e9ritos extraordinarios adquiridos en la educaci\u00f3n&#8230;<\/p>\n<p>&nbsp;<\/p>\n<p>[\/et_pb_blurb][\/et_pb_column][et_pb_column type=\u00bb1_4&#8243; _builder_version=\u00bb3.25&#8243; custom_padding=\u00bb|||\u00bb custom_padding__hover=\u00bb|||\u00bb][et_pb_blurb title=\u00bbMedalla Jos\u00e9 Tey\u00bb image=\u00bbhttps:\/\/www.ismm.edu.cu\/wp-content\/uploads\/2023\/06\/01050068-600&#215;821-5.jpg\u00bb _builder_version=\u00bb4.9.1&#8243; header_font=\u00bbJosefin Sans|700||on|||||\u00bb body_font=\u00bb||||||||\u00bb body_line_height=\u00bb1.8em\u00bb background_color=\u00bb#006633&#8243; background_layout=\u00bbdark\u00bb custom_margin=\u00bb|||\u00bb custom_margin_tablet=\u00bb||30px|\u00bb custom_margin_phone=\u00bb\u00bb custom_margin_last_edited=\u00bbon|tablet\u00bb custom_padding=\u00bb40px|20px|40px|20px|true|true\u00bb animation_style=\u00bbfold\u00bb animation_direction=\u00bbleft\u00bb animation_delay=\u00bb300ms\u00bb animation_intensity_fold=\u00bb20%\u00bb animation=\u00bboff\u00bb link_option_url=\u00bbhttps:\/\/www.ismm.edu.cu\/wp-content\/uploads\/2020\/02\/jose_tey.pdf\u00bb link_option_url_new_window=\u00bbon\u00bb hover_enabled=\u00bb0&#8243; box_shadow_style=\u00bbpreset3&#8243; box_shadow_vertical=\u00bb40px\u00bb box_shadow_blur=\u00bb60px\u00bb box_shadow_spread=\u00bb-30px\u00bb box_shadow_color=\u00bbrgba(0,0,0,0.34)\u00bb locked=\u00bboff\u00bb title_text=\u00bb01050068-600&#215;821&#8243; border_radii_image=\u00bbon|200px|200px|200px|200px\u00bb sticky_enabled=\u00bb0&#8243;]<\/p>\n<p>Se otorga a educadores cubanos en reconocimiento a relevantes m\u00e9ritos alcanzados y a su activa participaci\u00f3n en el<br \/>desarrollo educacional del pa\u00eds&#8230;<\/p>\n<p><a style=\"color: white;\"><strong>\u00a0<\/strong><\/a><\/p>\n<p>[\/et_pb_blurb][\/et_pb_column][et_pb_column type=\u00bb1_4&#8243; _builder_version=\u00bb3.25&#8243; custom_padding=\u00bb|||\u00bb custom_padding__hover=\u00bb|||\u00bb][et_pb_blurb title=\u00bbMedalla Rafael Mar\u00eda de Mendive\u00bb image=\u00bbhttps:\/\/www.ismm.edu.cu\/wp-content\/uploads\/2023\/06\/01050113-3.jpg\u00bb _builder_version=\u00bb4.9.1&#8243; header_font=\u00bbJosefin Sans|700||on|||||\u00bb body_font=\u00bb||||||||\u00bb body_line_height=\u00bb1.8em\u00bb background_color=\u00bb#999999&#8243; background_layout=\u00bbdark\u00bb custom_margin=\u00bb|||\u00bb custom_margin_tablet=\u00bb||30px|\u00bb custom_margin_phone=\u00bb\u00bb custom_margin_last_edited=\u00bbon|tablet\u00bb custom_padding=\u00bb40px|20px|40px|20px|true|true\u00bb animation_style=\u00bbfold\u00bb animation_direction=\u00bbleft\u00bb animation_delay=\u00bb300ms\u00bb animation_intensity_fold=\u00bb20%\u00bb animation=\u00bboff\u00bb link_option_url=\u00bbhttps:\/\/www.ismm.edu.cu\/wp-content\/uploads\/2020\/02\/rafael_mendive.pdf\u00bb link_option_url_new_window=\u00bbon\u00bb hover_enabled=\u00bb0&#8243; box_shadow_style=\u00bbpreset3&#8243; box_shadow_vertical=\u00bb40px\u00bb box_shadow_blur=\u00bb60px\u00bb box_shadow_spread=\u00bb-30px\u00bb box_shadow_color=\u00bbrgba(0,0,0,0.34)\u00bb locked=\u00bboff\u00bb title_text=\u00bb01050113&#8243; border_radii_image=\u00bbon|200px|200px|200px|200px\u00bb sticky_enabled=\u00bb0&#8243;]<\/p>\n<p>Se otorga a trabajadores que de forma ininterrumpida y con una destacada actitud hayan laborado en el sector de la Educaci\u00f3n&#8230;<\/p>\n<p><a style=\"color: white;\"><strong><\/strong><\/a><\/p>\n<p><strong><\/strong><\/p>\n<p>[\/et_pb_blurb][\/et_pb_column][\/et_pb_row][\/et_pb_section][et_pb_section fb_built=\u00bb1&#8243; prev_background_color=\u00bb#ffffff\u00bb next_background_color=\u00bb#ffffff\u00bb admin_label=\u00bbCall To Action\u00bb _builder_version=\u00bb4.9.1&#8243; use_background_color_gradient=\u00bbon\u00bb background_color_gradient_start=\u00bb#283d4b\u00bb background_color_gradient_end=\u00bbrgba(128,103,79,0.5)\u00bb background_color_gradient_direction=\u00bb70deg\u00bb background_color_gradient_overlays_image=\u00bbon\u00bb background_image=\u00bbhttps:\/\/www.ismm.edu.cu\/wp-content\/uploads\/2022\/02\/11.png\u00bb min_height=\u00bb497.2px\u00bb custom_margin=\u00bb-4px||-119px|||\u00bb custom_padding=\u00bb0vw||6vw||false|false\u00bb top_divider_style=\u00bbmountains2&#8243; top_divider_height=\u00bb18vw\u00bb top_divider_repeat=\u00bb0.5x\u00bb bottom_divider_style=\u00bbmountains2&#8243; bottom_divider_height=\u00bb14%\u00bb bottom_divider_repeat=\u00bb0.5x\u00bb bottom_divider_flip=\u00bbhorizontal\u00bb animation_style=\u00bbfade\u00bb global_module=\u00bb5192&#8243; saved_tabs=\u00bball\u00bb locked=\u00bboff\u00bb][et_pb_row _builder_version=\u00bb4.0.11&#8243; background_color=\u00bbrgba(79,62,62,0)\u00bb background_enable_image=\u00bboff\u00bb custom_margin=\u00bb134px|auto|2px|auto|false|false\u00bb custom_padding=\u00bb232px|||||\u00bb animation_style=\u00bbzoom\u00bb animation_direction=\u00bbbottom\u00bb animation_intensity_zoom=\u00bb6%\u00bb locked=\u00bboff\u00bb][et_pb_column type=\u00bb4_4&#8243; _builder_version=\u00bb3.25&#8243; custom_padding=\u00bb|||\u00bb custom_padding__hover=\u00bb|||\u00bb][et_pb_text _builder_version=\u00bb4.0.11&#8243; text_font=\u00bb||||||||\u00bb header_font=\u00bb||||||||\u00bb header_2_font=\u00bb||||||||\u00bb header_2_text_color=\u00bb#ffffff\u00bb header_2_font_size=\u00bb36px\u00bb header_2_line_height=\u00bb1.3em\u00bb text_orientation=\u00bbcenter\u00bb background_layout=\u00bbdark\u00bb max_width=\u00bb530px\u00bb module_alignment=\u00bbcenter\u00bb min_height=\u00bb69.8px\u00bb custom_margin=\u00bb-92px|||||\u00bb custom_padding=\u00bb0px||0px|||\u00bb locked=\u00bboff\u00bb header_font_size__hover=\u00bb30px\u00bb header_font_size__hover_enabled=\u00bb30px\u00bb header_letter_spacing__hover=\u00bb0px\u00bb header_letter_spacing__hover_enabled=\u00bb0px\u00bb header_text_shadow_style__hover=\u00bbnone\u00bb header_text_shadow_style__hover_enabled=\u00bbnone\u00bb header_text_shadow_color__hover=\u00bbrgba(0,0,0,0.4)\u00bb header_text_shadow_color__hover_enabled=\u00bbrgba(0,0,0,0.4)\u00bb]<\/p>\n<h2>Cont\u00e1ctenos<\/h2>\n<p>[\/et_pb_text][et_pb_divider color=\u00bb#09e1c0&#8243; divider_weight=\u00bb4px\u00bb disabled_on=\u00bbon|on|off\u00bb _builder_version=\u00bb3.2&#8243; background_size=\u00bbinitial\u00bb background_position=\u00bbtop_left\u00bb background_repeat=\u00bbrepeat\u00bb max_width=\u00bb40px\u00bb module_alignment=\u00bbcenter\u00bb custom_margin=\u00bb||10px|\u00bb animation_style=\u00bbzoom\u00bb animation_direction=\u00bbleft\u00bb locked=\u00bboff\u00bb][\/et_pb_divider][et_pb_text _builder_version=\u00bb4.9.1&#8243; text_font=\u00bb|300|||||||\u00bb text_text_color=\u00bb#ffffff\u00bb text_font_size=\u00bb16px\u00bb text_line_height=\u00bb1.9em\u00bb text_orientation=\u00bbcenter\u00bb background_layout=\u00bbdark\u00bb max_width=\u00bb540px\u00bb module_alignment=\u00bbcenter\u00bb custom_padding=\u00bb||4px|||\u00bb locked=\u00bboff\u00bb]<\/p>\n<div class=\"textwidget\">\n<div style=\"text-align: center;\" align=\"justify\">Avenida Calixto Garc\u00eda I\u00f1iguez #15 entre\u00a0 Av. 7 de Diciembre y Calle Reynaldo Laffita Rueda, Rpto Caribe, Moa, Holgu\u00edn. cp:83330<br \/>+53 24604214<br \/>comunicacion@ismm.edu.cu<\/div>\n<\/div>\n<p>[\/et_pb_text][\/et_pb_column][\/et_pb_row][\/et_pb_section]<\/p>\n","protected":false},"excerpt":{"rendered":"<p>Reconocimientos &nbsp; \u02bb\u02bbEmplearse en lo est\u00e9ril cuando se puede hacer lo \u00fatil; ocuparse en lo f\u00e1cil cuando se tienen brios para intentar lo dif\u00edcil, es despojar de dignidad al talento\u02bc\u02bc Jos\u00e9 Mart\u00ed &nbsp; &nbsp; &nbsp;U MoaReconocemos a aquellos que por su intensa labor han hecho posible el desarrollo exitoso de los procesos sustantivos del centro.Se [&hellip;]<\/p>\n","protected":false},"author":10,"featured_media":0,"parent":0,"menu_order":0,"comment_status":"closed","ping_status":"closed","template":"","meta":{"_et_pb_use_builder":"on","_et_pb_old_content":"","_et_gb_content_width":"","footnotes":""},"class_list":["post-2051","page","type-page","status-publish","hentry"],"_links":{"self":[{"href":"https:\/\/www.ismm.edu.cu\/index.php\/wp-json\/wp\/v2\/pages\/2051"}],"collection":[{"href":"https:\/\/www.ismm.edu.cu\/index.php\/wp-json\/wp\/v2\/pages"}],"about":[{"href":"https:\/\/www.ismm.edu.cu\/index.php\/wp-json\/wp\/v2\/types\/page"}],"author":[{"embeddable":true,"href":"https:\/\/www.ismm.edu.cu\/index.php\/wp-json\/wp\/v2\/users\/10"}],"replies":[{"embeddable":true,"href":"https:\/\/www.ismm.edu.cu\/index.php\/wp-json\/wp\/v2\/comments?post=2051"}],"version-history":[{"count":8,"href":"https:\/\/www.ismm.edu.cu\/index.php\/wp-json\/wp\/v2\/pages\/2051\/revisions"}],"predecessor-version":[{"id":6165,"href":"https:\/\/www.ismm.edu.cu\/index.php\/wp-json\/wp\/v2\/pages\/2051\/revisions\/6165"}],"wp:attachment":[{"href":"https:\/\/www.ismm.edu.cu\/index.php\/wp-json\/wp\/v2\/media?parent=2051"}],"curies":[{"name":"wp","href":"https:\/\/api.w.org\/{rel}","templated":true}]}}