{"id":2010,"date":"2019-12-18T20:31:31","date_gmt":"2019-12-18T20:31:31","guid":{"rendered":"https:\/\/www.ismm.edu.cu\/?page_id=802"},"modified":"2026-02-18T15:19:48","modified_gmt":"2026-02-18T15:19:48","slug":"mtalurgia-electromecanica","status":"publish","type":"page","link":"https:\/\/www.ismm.edu.cu\/index.php\/mtalurgia-electromecanica\/","title":{"rendered":"Metalurgia Electromec\u00e1nica"},"content":{"rendered":"<p>[et_pb_section fb_built=\u00bb1&#8243; custom_padding_last_edited=\u00bbon|desktop\u00bb admin_label=\u00bbHeader\u00bb _builder_version=\u00bb4.27.0&#8243; background_image=\u00bbhttps:\/\/www.ismm.edu.cu\/wp-content\/uploads\/2024\/09\/421562591_809015074573954_472992719877326545_n.jpg\u00bb background_enable_video_mp4=\u00bboff\u00bb custom_padding=\u00bb10vh|0|16vh||false|false\u00bb custom_padding_tablet=\u00bb10vh||10vh||false\u00bb custom_padding_phone=\u00bb5vh||5vh||false\u00bb top_divider_style=\u00bbwave2&#8243; top_divider_color=\u00bbrgba(12,113,195,0.11)\u00bb top_divider_height=\u00bb100%\u00bb top_divider_flip=\u00bbhorizontal\u00bb bottom_divider_style=\u00bbcurve\u00bb bottom_divider_color=\u00bb#ffffff\u00bb bottom_divider_height=\u00bb3vw\u00bb bottom_divider_flip=\u00bbvertical\u00bb global_colors_info=\u00bb{}\u00bb][et_pb_row _builder_version=\u00bb4.16&#8243; min_height=\u00bb267.4px\u00bb custom_margin=\u00bb|auto|48px|auto||\u00bb custom_padding=\u00bb112px|||||\u00bb global_colors_info=\u00bb{}\u00bb][et_pb_column type=\u00bb4_4&#8243; _builder_version=\u00bb4.16&#8243; custom_padding=\u00bb|||\u00bb global_colors_info=\u00bb{}\u00bb custom_padding__hover=\u00bb|||\u00bb][et_pb_text _builder_version=\u00bb4.16&#8243; text_font=\u00bb||||||||\u00bb ul_font=\u00bb||||||||\u00bb ol_font=\u00bb||||||||\u00bb header_font=\u00bb||||||||\u00bb header_text_color=\u00bb#000000&#8243; header_font_size=\u00bb67px\u00bb header_letter_spacing=\u00bb1px\u00bb header_line_height=\u00bb1.2em\u00bb header_2_font=\u00bbVollkorn||||||||\u00bb header_2_font_size=\u00bb44px\u00bb header_2_letter_spacing=\u00bb1px\u00bb header_2_line_height=\u00bb1.4em\u00bb header_3_font=\u00bb||||||||\u00bb header_4_font=\u00bb||||||||\u00bb header_5_font=\u00bb||||||||\u00bb header_6_font=\u00bb||||||||\u00bb background_layout=\u00bbdark\u00bb max_width=\u00bb1044px\u00bb module_alignment=\u00bbleft\u00bb custom_margin=\u00bb-21px|175px|20px|||\u00bb custom_padding=\u00bb0px|2px||||\u00bb animation_style=\u00bbslide\u00bb animation_direction=\u00bbleft\u00bb animation_intensity_slide=\u00bb2%\u00bb header_font_size_tablet=\u00bb35px\u00bb header_font_size_phone=\u00bb30px\u00bb header_font_size_last_edited=\u00bbon|desktop\u00bb header_2_font_size_tablet=\u00bb35px\u00bb header_2_font_size_phone=\u00bb30px\u00bb header_2_font_size_last_edited=\u00bbon|desktop\u00bb global_colors_info=\u00bb{}\u00bb]<\/p>\n<h1><\/h1>\n<h1 class=\"entry-title td-page-title\"><span style=\"color: #ffffff;\"><strong>\u00a0<\/strong><\/span><\/h1>\n<h2><\/h2>\n<p>[\/et_pb_text][\/et_pb_column][\/et_pb_row][\/et_pb_section][et_pb_section fb_built=\u00bb1&#8243; specialty=\u00bbon\u00bb _builder_version=\u00bb4.16&#8243; global_colors_info=\u00bb{}\u00bb][et_pb_column type=\u00bb1_2&#8243; _builder_version=\u00bb4.16&#8243; custom_padding=\u00bb|||\u00bb global_colors_info=\u00bb{}\u00bb custom_padding__hover=\u00bb|||\u00bb][et_pb_image src=\u00bbhttps:\/\/www.ismm.edu.cu\/wp-content\/uploads\/2023\/07\/Nuevo-Presentacion-de-Microsoft-PowerPoint-1.png\u00bb title_text=\u00bbNuevo Presentaci\u00f3n de Microsoft PowerPoint\u00bb _builder_version=\u00bb4.16&#8243; border_width_all=\u00bb7px\u00bb box_shadow_style=\u00bbpreset4&#8243; global_colors_info=\u00bb{}\u00bb][\/et_pb_image][\/et_pb_column][et_pb_column type=\u00bb1_2&#8243; specialty_columns=\u00bb2&#8243; _builder_version=\u00bb4.16&#8243; custom_padding=\u00bb|||\u00bb global_colors_info=\u00bb{}\u00bb custom_padding__hover=\u00bb|||\u00bb][et_pb_row_inner _builder_version=\u00bb4.16&#8243; global_colors_info=\u00bb{}\u00bb][et_pb_column_inner saved_specialty_column_type=\u00bb1_2&#8243; _builder_version=\u00bb4.16&#8243; global_colors_info=\u00bb{}\u00bb][et_pb_text _builder_version=\u00bb4.16&#8243; text_font_size=\u00bb15px\u00bb custom_padding=\u00bb||0px|||\u00bb global_colors_info=\u00bb{}\u00bb]<\/p>\n<p style=\"text-align: justify;\"><span>La Facultad de Metalurgia y Electromec\u00e1nica, comprometida con la formaci\u00f3n integral y continua de profesionales metal\u00fargicos, el\u00e9ctricos, mec\u00e1nicos competitivos, que desarrollan investigaciones cient\u00edficas de relevancia, en pos de un desarrollo sostenible de la sociedad en el \u00e1mbito cient\u00edfico, t\u00e9cnico y cultural; surge como resultado de la creaci\u00f3n del otrora Instituto Superior Minero Metal\u00fargico de Moa en Noviembre de 1976. Durante m\u00e1s de 30 a\u00f1os ha acumulado gran experiencia en la formaci\u00f3n de profesionales metal\u00fargicos, el\u00e9ctricos y mec\u00e1nicos. Avanzar en la obtenci\u00f3n de resultados superiores en todas las esferas de la vida universitaria con una aplicaci\u00f3n consecuente del enfoque integral en la labor educativa de los estudiantes y trabajadores, profundizando en la adquisici\u00f3n y aplicaci\u00f3n de los valores compartidos de la Universidad.<\/span><\/p>\n<p>[\/et_pb_text][\/et_pb_column_inner][\/et_pb_row_inner][et_pb_row_inner _builder_version=\u00bb4.16&#8243; global_colors_info=\u00bb{}\u00bb][et_pb_column_inner saved_specialty_column_type=\u00bb1_2&#8243; _builder_version=\u00bb4.16&#8243; global_colors_info=\u00bb{}\u00bb][et_pb_text _builder_version=\u00bb4.16&#8243; text_font_size=\u00bb35px\u00bb global_colors_info=\u00bb{}\u00bb]<\/p>\n<p>Carreras<\/p>\n<p>[\/et_pb_text][\/et_pb_column_inner][\/et_pb_row_inner][et_pb_row_inner _builder_version=\u00bb4.16&#8243; global_colors_info=\u00bb{}\u00bb][et_pb_column_inner saved_specialty_column_type=\u00bb1_2&#8243; _builder_version=\u00bb4.16&#8243; global_colors_info=\u00bb{}\u00bb][et_pb_toggle title=\u00bbIngenier\u00eda Mec\u00e1nica\u00bb _builder_version=\u00bb4.16&#8243; global_colors_info=\u00bb{}\u00bb]<\/p>\n<p><span>El ingeniero mec\u00e1nico es un profesional con conocimientos, habilidades y valores que le permitan poner al servicio de la sociedad, el desarrollo de la ciencia y la tecnolog\u00eda, vinculadas a la carrera, con racionalidad econ\u00f3mica, adecuado uso de los recursos humanos y materiales, minimizando el consumo de naturaleza y el deterioro del medio ambiente. Es el profesional encargado de garantizar la explotaci\u00f3n de las m\u00e1quinas, equipos e instalaciones mec\u00e1nicas durante su ciclo vital.<\/span><\/p>\n<p><span>La carrera se estudia en el Curso Regular Diurno y en el Curso por Encuentro<\/span><\/p>\n<p><span><\/span><\/p>\n<p>[\/et_pb_toggle][et_pb_toggle title=\u00bbIngenier\u00eda El\u00e9ctrica\u00bb _builder_version=\u00bb4.16&#8243; global_colors_info=\u00bb{}\u00bb]<\/p>\n<p><span>Las actividades m\u00e1s importantes realizadas en estas esferas\u00a0 por este profesional al culminar sus estudios son: explotar, proyectar, seleccionar y reparar. Luego de pasar periodos de entrenamiento o cursos de posgrado y de acuerdo con las funciones que desempe\u00f1e, podr\u00e1 realizar actividades de montaje, mantenimiento, investigaci\u00f3n y comercializaci\u00f3n, as\u00ed como docencia y direcci\u00f3n.<\/span><\/p>\n<p><span>La carrera se estudia en el Curso Regular Diurno y en el Curso por Encuentro<\/span><\/p>\n<p>[\/et_pb_toggle][et_pb_toggle title=\u00bbIngenier\u00eda en Metalurgia y Materiales\u00bb _builder_version=\u00bb4.16&#8243; global_colors_info=\u00bb{}\u00bb]<\/p>\n<p><a href=\"https:\/\/www.ismm.edu.cu\/wp-content\/uploads\/2023\/10\/Malla-curricular.pdf\" rel=\"attachment wp-att-6782\">Malla curricular<\/a><\/p>\n<p>[\/et_pb_toggle][\/et_pb_column_inner][\/et_pb_row_inner][\/et_pb_column][\/et_pb_section][et_pb_section fb_built=\u00bb1&#8243; _builder_version=\u00bb4.16&#8243; min_height=\u00bb292.8px\u00bb custom_padding=\u00bb28px|||||\u00bb global_colors_info=\u00bb{}\u00bb][et_pb_row column_structure=\u00bb1_2,1_2&#8243; _builder_version=\u00bb4.16&#8243; global_colors_info=\u00bb{}\u00bb][et_pb_column type=\u00bb1_2&#8243; _builder_version=\u00bb4.16&#8243; global_colors_info=\u00bb{}\u00bb][et_pb_text _builder_version=\u00bb4.27.0&#8243; hover_enabled=\u00bb0&#8243; global_colors_info=\u00bb{}\u00bb sticky_enabled=\u00bb0&#8243;]<\/p>\n<p><strong>DEPARTAMENTOS<\/strong><\/p>\n<ul>\n<li><strong>Mec\u00e1nica:<\/strong><span> J. Dpto. M. Sc. Marjoris Utria Jim\u00e9nez<\/span><\/li>\n<li><strong>El\u00e9ctrica:<\/strong> J. Dpto. M. Sc. Yordan Guerrero Rojas<\/li>\n<li><strong>Metalurgia y Qu\u00edmica: <\/strong>J. Dpto.<span>\u00a0<\/span>Dr. C. Edelio Danguillecourt Alvarez<\/li>\n<\/ul>\n<p>[\/et_pb_text][\/et_pb_column][et_pb_column type=\u00bb1_2&#8243; _builder_version=\u00bb4.16&#8243; global_colors_info=\u00bb{}\u00bb][et_pb_text _builder_version=\u00bb4.16&#8243; global_colors_info=\u00bb{}\u00bb]<\/p>\n<p><strong>INFORMACI\u00d3N DE CONTACTO<\/strong><\/p>\n<p><strong>Decano<\/strong>: Dr. C.\u00a0 Jorge Luis Reyes De La Cruz<\/p>\n<p><strong>Tel\u00e9fono:<\/strong><span>\u00a0<\/span>+53 (24) 604476<\/p>\n<p>[\/et_pb_text][\/et_pb_column][\/et_pb_row][\/et_pb_section][et_pb_section fb_built=\u00bb1&#8243; prev_background_color=\u00bb#ffffff\u00bb next_background_color=\u00bb#ffffff\u00bb admin_label=\u00bbCall To Action\u00bb _builder_version=\u00bb4.16&#8243; use_background_color_gradient=\u00bbon\u00bb background_color_gradient_direction=\u00bb70deg\u00bb background_color_gradient_stops=\u00bb#283d4b 0%|rgba(128,103,79,0.5) 100%\u00bb background_color_gradient_overlays_image=\u00bbon\u00bb background_color_gradient_start=\u00bb#283d4b\u00bb background_color_gradient_end=\u00bbrgba(128,103,79,0.5)\u00bb background_image=\u00bbhttps:\/\/www.ismm.edu.cu\/wp-content\/uploads\/2022\/02\/11.png\u00bb min_height=\u00bb497.2px\u00bb custom_margin=\u00bb-4px||-119px|||\u00bb custom_padding=\u00bb0vw||6vw||false|false\u00bb top_divider_style=\u00bbmountains2&#8243; top_divider_height=\u00bb18vw\u00bb top_divider_repeat=\u00bb0.5x\u00bb bottom_divider_style=\u00bbmountains2&#8243; bottom_divider_height=\u00bb14%\u00bb bottom_divider_repeat=\u00bb0.5x\u00bb bottom_divider_flip=\u00bbhorizontal\u00bb animation_style=\u00bbfade\u00bb background_color_gradient_stops_tablet=\u00bb#283d4b 0%|rgba(128,103,79,0.5) 100%\u00bb background_color_gradient_stops_phone=\u00bb#283d4b 0%|rgba(128,103,79,0.5) 100%\u00bb global_module=\u00bb5192&#8243; locked=\u00bboff\u00bb global_colors_info=\u00bb{}\u00bb][\/et_pb_section]<\/p>\n","protected":false},"excerpt":{"rendered":"<p>\u00a0 La Facultad de Metalurgia y Electromec\u00e1nica, comprometida con la formaci\u00f3n integral y continua de profesionales metal\u00fargicos, el\u00e9ctricos, mec\u00e1nicos competitivos, que desarrollan investigaciones cient\u00edficas de relevancia, en pos de un desarrollo sostenible de la sociedad en el \u00e1mbito cient\u00edfico, t\u00e9cnico y cultural; surge como resultado de la creaci\u00f3n del otrora Instituto Superior Minero Metal\u00fargico de [&hellip;]<\/p>\n","protected":false},"author":10,"featured_media":0,"parent":0,"menu_order":0,"comment_status":"closed","ping_status":"closed","template":"","meta":{"_et_pb_use_builder":"on","_et_pb_old_content":"","_et_gb_content_width":"","footnotes":""},"class_list":["post-2010","page","type-page","status-publish","hentry"],"_links":{"self":[{"href":"https:\/\/www.ismm.edu.cu\/index.php\/wp-json\/wp\/v2\/pages\/2010"}],"collection":[{"href":"https:\/\/www.ismm.edu.cu\/index.php\/wp-json\/wp\/v2\/pages"}],"about":[{"href":"https:\/\/www.ismm.edu.cu\/index.php\/wp-json\/wp\/v2\/types\/page"}],"author":[{"embeddable":true,"href":"https:\/\/www.ismm.edu.cu\/index.php\/wp-json\/wp\/v2\/users\/10"}],"replies":[{"embeddable":true,"href":"https:\/\/www.ismm.edu.cu\/index.php\/wp-json\/wp\/v2\/comments?post=2010"}],"version-history":[{"count":19,"href":"https:\/\/www.ismm.edu.cu\/index.php\/wp-json\/wp\/v2\/pages\/2010\/revisions"}],"predecessor-version":[{"id":9062,"href":"https:\/\/www.ismm.edu.cu\/index.php\/wp-json\/wp\/v2\/pages\/2010\/revisions\/9062"}],"wp:attachment":[{"href":"https:\/\/www.ismm.edu.cu\/index.php\/wp-json\/wp\/v2\/media?parent=2010"}],"curies":[{"name":"wp","href":"https:\/\/api.w.org\/{rel}","templated":true}]}}