{"id":1955,"date":"2019-12-18T19:13:35","date_gmt":"2019-12-18T19:13:35","guid":{"rendered":"https:\/\/www.ismm.edu.cu\/?page_id=760"},"modified":"2024-09-11T16:16:53","modified_gmt":"2024-09-11T16:16:53","slug":"historia","status":"publish","type":"page","link":"https:\/\/www.ismm.edu.cu\/index.php\/historia\/","title":{"rendered":"Historia"},"content":{"rendered":"<p>[et_pb_section fb_built=\u00bb1&#8243; custom_padding_last_edited=\u00bbon|desktop\u00bb admin_label=\u00bbHeader\u00bb _builder_version=\u00bb4.27.0&#8243; background_image=\u00bbhttps:\/\/www.ismm.edu.cu\/wp-content\/uploads\/2024\/09\/IMG_0002.jpg\u00bb background_enable_video_mp4=\u00bboff\u00bb custom_padding=\u00bb10vh|0|16vh||false|false\u00bb custom_padding_tablet=\u00bb10vh||10vh||false\u00bb custom_padding_phone=\u00bb5vh||5vh||false\u00bb top_divider_style=\u00bbwave2&#8243; top_divider_color=\u00bbrgba(12,113,195,0.11)\u00bb top_divider_height=\u00bb100%\u00bb top_divider_flip=\u00bbhorizontal\u00bb bottom_divider_style=\u00bbcurve\u00bb bottom_divider_color=\u00bb#ffffff\u00bb bottom_divider_height=\u00bb3vw\u00bb bottom_divider_flip=\u00bbvertical\u00bb hover_enabled=\u00bb0&#8243; global_colors_info=\u00bb{}\u00bb title_text=\u00bbIMG_0002&#8243; sticky_enabled=\u00bb0&#8243;][et_pb_row _builder_version=\u00bb4.16&#8243; custom_margin=\u00bb|auto|48px|auto||\u00bb custom_padding=\u00bb112px|||||\u00bb hover_enabled=\u00bb0&#8243; global_colors_info=\u00bb{}\u00bb sticky_enabled=\u00bb0&#8243;][et_pb_column type=\u00bb4_4&#8243; _builder_version=\u00bb4.16&#8243; custom_padding=\u00bb|||\u00bb global_colors_info=\u00bb{}\u00bb custom_padding__hover=\u00bb|||\u00bb][et_pb_text _builder_version=\u00bb4.16&#8243; text_font=\u00bb||||||||\u00bb ul_font=\u00bb||||||||\u00bb ol_font=\u00bb||||||||\u00bb header_font=\u00bb||||||||\u00bb header_text_color=\u00bb#000000&#8243; header_font_size=\u00bb67px\u00bb header_letter_spacing=\u00bb1px\u00bb header_line_height=\u00bb1.2em\u00bb header_2_font=\u00bbVollkorn||||||||\u00bb header_2_font_size=\u00bb44px\u00bb header_2_letter_spacing=\u00bb1px\u00bb header_2_line_height=\u00bb1.4em\u00bb header_3_font=\u00bb||||||||\u00bb header_4_font=\u00bb||||||||\u00bb header_5_font=\u00bb||||||||\u00bb header_6_font=\u00bb||||||||\u00bb background_layout=\u00bbdark\u00bb max_width=\u00bb800px\u00bb module_alignment=\u00bbleft\u00bb custom_margin=\u00bb-21px||20px|||\u00bb custom_padding=\u00bb0px|||||\u00bb animation_style=\u00bbslide\u00bb animation_direction=\u00bbleft\u00bb animation_intensity_slide=\u00bb2%\u00bb header_font_size_tablet=\u00bb35px\u00bb header_font_size_phone=\u00bb30px\u00bb header_font_size_last_edited=\u00bbon|desktop\u00bb header_2_font_size_tablet=\u00bb35px\u00bb header_2_font_size_phone=\u00bb30px\u00bb header_2_font_size_last_edited=\u00bbon|desktop\u00bb global_colors_info=\u00bb{}\u00bb]<\/p>\n<h1><strong><span style=\"color: #ffffff;\">Historia<\/span><\/strong><\/h1>\n<h2><\/h2>\n<p>[\/et_pb_text][\/et_pb_column][\/et_pb_row][\/et_pb_section][et_pb_section fb_built=\u00bb1&#8243; admin_label=\u00bbAbout Us\u00bb _builder_version=\u00bb4.16&#8243; global_colors_info=\u00bb{}\u00bb][et_pb_row column_structure=\u00bb1_2,1_2&#8243; _builder_version=\u00bb4.27.0&#8243; width=\u00bb100%\u00bb custom_padding=\u00bb29px|||||\u00bb custom_width_px=\u00bb1280px\u00bb global_colors_info=\u00bb{}\u00bb][et_pb_column type=\u00bb1_2&#8243; _builder_version=\u00bb4.16&#8243; custom_padding=\u00bb100px|||\u00bb custom_padding_tablet=\u00bb0px|||\u00bb custom_padding_phone=\u00bb\u00bb custom_padding_last_edited=\u00bbon|tablet\u00bb global_colors_info=\u00bb{}\u00bb padding_tablet=\u00bb0px|||\u00bb padding_last_edited=\u00bbon|tablet\u00bb custom_padding__hover=\u00bb|||\u00bb padding_phone=\u00bb0px|||\u00bb][et_pb_text _builder_version=\u00bb4.27.0&#8243; text_font_size=\u00bb18px\u00bb width=\u00bb100%\u00bb custom_margin=\u00bb-100px|43px||||\u00bb custom_padding=\u00bb0px|12px|1px|17px||\u00bb global_colors_info=\u00bb{}\u00bb]<\/p>\n<div class=\"td-page-header\">\n<h2 style=\"text-align: justify;\">Por m\u00e1s de 47 a\u00f1os al servicio de la docencia, la investigaci\u00f3n y la innovaci\u00f3n tecnol\u00f3gica<\/h2>\n<\/div>\n<div class=\"td-page-content\">\n<div align=\"justify\">\n<p><strong><i><span lang=\"ES\">\u00a0<\/span><\/i><\/strong><\/p>\n<p><strong><em>En sus inicios\u2026<\/em><\/strong><\/p>\n<p class=\"Textbody\" style=\"text-align: justify; text-justify: inter-ideograph;\">Si al triunfo de la gesta revolucionaria, en 1959, apenas exist\u00edan en Moa tres escuelas p\u00fablicas, con una matr\u00edcula que no superaba los 120 alumnos y el analfabetismo rebasaba el 70 % de las personas adultas y el 60 % entre los ni\u00f1os y adolescentes, l\u00f3gico es suponer que, ni a\u00fan en las aspiraciones y sue\u00f1os de los m\u00e1s optimistas vecinos de este territorio, se pensara que alg\u00fan d\u00eda en Moa existiera un centro de educaci\u00f3n de nivel superior.<o:p><\/o:p><\/p>\n<p class=\"Textbody\" style=\"text-align: justify; text-justify: inter-ideograph;\">Pero la obra transformadora de la Revoluci\u00f3n triunfante y las necesidades de t\u00e9cnicos superiores para satisfacer la demanda de fuerza de trabajo calificada para la industria del N\u00edquel, tanto en Moa como en Nicaro, determinaron que en 1964 se firmara un convenio entre la Empresa Consolidada del N\u00edquel y la Universidad de Oriente, mediante el cual se crea el primer Plan Extramuros de un centro universitario del pa\u00eds, la Universidad de Oriente.<o:p><\/o:p><\/p>\n<\/div>\n<\/div>\n<p>[\/et_pb_text][et_pb_image src=\u00bbhttps:\/\/www.ismm.edu.cu\/wp-content\/uploads\/2022\/05\/3.jpg\u00bb title_text=\u00bb3&#8243; force_fullwidth=\u00bbon\u00bb _builder_version=\u00bb4.16&#8243; _module_preset=\u00bbdefault\u00bb height=\u00bb333px\u00bb global_colors_info=\u00bb{}\u00bb][\/et_pb_image][\/et_pb_column][et_pb_column type=\u00bb1_2&#8243; _builder_version=\u00bb4.16&#8243; custom_padding=\u00bb|||\u00bb global_colors_info=\u00bb{}\u00bb custom_padding__hover=\u00bb|||\u00bb][et_pb_image src=\u00bbhttps:\/\/www.ismm.edu.cu\/wp-content\/uploads\/2019\/12\/6-de-marzo.jpg\u00bb force_fullwidth=\u00bbon\u00bb align_tablet=\u00bbcenter\u00bb align_phone=\u00bb\u00bb align_last_edited=\u00bbon|desktop\u00bb _builder_version=\u00bb4.16&#8243; min_height=\u00bb267px\u00bb height=\u00bb511px\u00bb custom_margin=\u00bb|86px|44px|||\u00bb custom_padding=\u00bb7px|||||\u00bb global_colors_info=\u00bb{}\u00bb][\/et_pb_image][et_pb_video src=\u00bbhttps:\/\/www.ismm.edu.cu\/wp-content\/uploads\/2020\/02\/INST-ISMMM.mp4&#8243; _builder_version=\u00bb4.16&#8243; min_height=\u00bb249.9px\u00bb custom_margin=\u00bb-11px|||||\u00bb custom_padding=\u00bb52px|||||\u00bb global_colors_info=\u00bb{}\u00bb][\/et_pb_video][\/et_pb_column][\/et_pb_row][et_pb_row column_structure=\u00bb1_2,1_2&#8243; _builder_version=\u00bb4.16&#8243; width=\u00bb100%\u00bb global_colors_info=\u00bb{}\u00bb][et_pb_column type=\u00bb1_2&#8243; _builder_version=\u00bb4.16&#8243; global_colors_info=\u00bb{}\u00bb][et_pb_text _builder_version=\u00bb4.16&#8243; text_font=\u00bbVerdana||||||||\u00bb text_font_size=\u00bb17px\u00bb min_height=\u00bb1585px\u00bb custom_margin=\u00bb-59px|||16px|false|false\u00bb custom_padding=\u00bb30px|||||\u00bb global_colors_info=\u00bb{}\u00bb]<\/p>\n<p class=\"Textbody\" style=\"text-align: justify; text-justify: inter-ideograph;\">\n<p class=\"Textbody\" style=\"text-align: justify; text-justify: inter-ideograph;\">Con la creaci\u00f3n de aulas en Moa y Nicaro, -atendidas, en lo material, por la Industria del N\u00edquel y, en lo docente y metodol\u00f3gico, por la Universidad de Oriente- para las carreras de Ingenier\u00eda Mec\u00e1nica y Qu\u00edmica, en las que matricula un grupo de trabajadores de las f\u00e1bricas \u201cComandante Ren\u00e9 Ramos Latour\u201d y \u201cComandante Pedro Soto Alba\u201d.<o:p><\/o:p><\/p>\n<p class=\"Textbody\" style=\"text-align: justify; text-justify: inter-ideograph;\">En el curso 1966 -1967, era muy pobre el n\u00famero de trabajadores con el nivel de escolaridad requerido para poder matricular en la ense\u00f1anza superior; el \u00e9xodo de ingenieros hacia Estados Unidos agudiz\u00f3 la necesidad de t\u00e9cnicos superiores en estas industrias, se hizo necesario la firma de un nuevo convenio entre la Universidad de Oriente y la Industria del N\u00edquel, para que j\u00f3venes estudiantes de primer a\u00f1o, seleccionados y de forma voluntaria, vinieran a Moa y Nicaro a concluir sus estudios, mientras laboraban en la industria junto a sus profesores, procedentes algunos del centro de altos estudios santiaguero, para que la Industria Cubana del N\u00edquel pudiera continuar produciendo y desarroll\u00e1ndose. Los primeros siete ingenieros de aquel grupo se graduaron en diciembre de 1972.<o:p><\/o:p><\/p>\n<p class=\"Textbody\" style=\"text-align: justify; text-justify: inter-ideograph;\">De 1972 a 1974 el Plan Extramuros se denomina Plan de Docencia-Producci\u00f3n, se incrementa el n\u00famero de estudiantes de la Universidad de Oriente que vienen a cursar estudios en Moa y Nicaro y adopta otro r\u00e9gimen docente. En 1974 se crea la Filial Universitaria de la Universidad de Oriente y se decide crear un Instituto Superior en Moa, con las c\u00e1tedras de Minas y Geolog\u00eda.<o:p><\/o:p><\/p>\n<p class=\"Textbody\" style=\"text-align: justify; text-justify: inter-ideograph;\">El desarrollo y consolidaci\u00f3n de estas Unidades Docentes, pertenecientes a la Facultad de Tecnolog\u00eda de la Universidad de Oriente dieron origen a la creaci\u00f3n del Instituto Superior Minero Metal\u00fargico, principal instituci\u00f3n acad\u00e9mica del pa\u00eds en la rama ge\u00f3logo-minero-metal\u00fargica que desde su fundaci\u00f3n se ha erigido como un importante eslab\u00f3n en el desarrollo de la Industria Cubana del N\u00edquel. Su comunidad universitaria se caracteriza por la laboriosidad, el pensamiento cr\u00edtico, la creatividad, el esp\u00edritu innovador, el alto sentido de pertenencia, la solidaridad, y promueve una cultura de valores poderosa y positiva.<o:p><\/o:p><\/p>\n<p class=\"Textbody\" style=\"text-align: justify; text-justify: inter-ideograph;\">El 29 de julio de 1976 con la Ley 1307 emitida por el Consejo de Ministros de la Rep\u00fablica de Cuba. Comenz\u00f3 su actividad acad\u00e9mica el 1ro de noviembre del mismo a\u00f1o, con una matr\u00edcula total de 970 estudiantes en siete carreras fundamentalmente de Ciencias T\u00e9cnicas, con una graduaci\u00f3n en Julio de 1977 de 75 estudiantes que ven\u00edan form\u00e1ndose desde las Unidades Docentes antes mencionadas. En aquel momento egresan de ese centro de estudios superiores 25 ge\u00f3logos, 13 mineros, 11 qu\u00edmicos y 26 mec\u00e1nicos.<o:p><\/o:p><\/p>\n<p class=\"Textbody\" style=\"text-align: justify; text-justify: inter-ideograph;\">En el a\u00f1o 1998, atendiendo a la necesidad de denominar con un nombre a nuestro instituto, se procede a efectuar un concurso que pretende lograr dicho objetivo. De todas las propuestas presentadas a comisi\u00f3n evaluadora decide escoger la sugerencia de nombrar al Instituto Superior Minero-Metal\u00fargico \u201cDr. Antonio N\u00fa\u00f1ez Jim\u00e9nez\u201d. Este eminente cient\u00edfico cubano proyectaba la imagen ideal para el bautizo de lSMMM, pues constituir\u00eda un paradigma para los estudiantes de las ciencias. Con su amplio quehacer en el archipi\u00e9lago cubano, adem\u00e1s de sus incursiones por otros lugares del mundo, se le conoce como el cuarto descubridor de Cuba.<o:p><\/o:p><\/p>\n<p class=\"Textbody\" style=\"text-align: justify; text-justify: inter-ideograph;\">\n<p class=\"Textbody\" style=\"text-align: justify; text-justify: inter-ideograph;\">\n<p>&nbsp;<\/p>\n<p>&nbsp;<\/p>\n<p>[\/et_pb_text][\/et_pb_column][et_pb_column type=\u00bb1_2&#8243; _builder_version=\u00bb4.16&#8243; global_colors_info=\u00bb{}\u00bb][et_pb_text _builder_version=\u00bb4.16&#8243; _module_preset=\u00bbdefault\u00bb text_font=\u00bbVerdana||||||||\u00bb text_font_size=\u00bb17px\u00bb min_height=\u00bb1585px\u00bb custom_margin=\u00bb-43px|||16px|false|false\u00bb custom_padding=\u00bb30px|||||\u00bb inline_fonts=\u00bbArial\u00bb global_colors_info=\u00bb{}\u00bb]<\/p>\n<p class=\"Textbody\" style=\"text-align: justify; text-justify: inter-ideograph;\">En vinculaci\u00f3n estrecha con el sector productivo y tradici\u00f3n patri\u00f3tica y cient\u00edfica, sustenta la formaci\u00f3n continua de profesionales revolucionarios de alto nivel en las ciencias t\u00e9cnicas, con capacidad de liderazgo cient\u00edfico y pol\u00edtico para transformar los procesos con tecnolog\u00eda sostenible.<o:p><\/o:p><\/p>\n<p class=\"Textbody\" style=\"text-align: justify; text-justify: inter-ideograph;\">Abarca un \u00e1rea geogr\u00e1fica de 55 662 m2, con una amplia base de laboratorios como apoyo a la docencia y la investigaci\u00f3n, centros de estudio, residencia estudiantil y de postgrado, centro de c\u00e1lculo y de informaci\u00f3n cient\u00edfico \u2013 t\u00e9cnica, museo de Geolog\u00eda, \u00e1reas deportivas y de recreaci\u00f3n.<\/p>\n<p><span style=\"font-family: Arial;\">Evoluci\u00f3n\u2026<\/span><\/p>\n<p class=\"Textbody\" style=\"text-align: justify; text-justify: inter-ideograph;\"><span style=\"font-family: Arial;\">En el curso 1989-1990 alcanz\u00f3 su m\u00e1xima matr\u00edcula: 2 352 estudiantes, con una graduaci\u00f3n de 307 estudiantes.<\/span><o:p><\/o:p><\/p>\n<p class=\"Textbody\" style=\"text-align: justify; text-justify: inter-ideograph;\"><span style=\"font-family: Arial;\">Las afectaciones del Per\u00edodo Especial provocaron una reducci\u00f3n de capacidades para los interesados en cursar estudios superiores, por lo que solamente ingresaron al recinto 941 j\u00f3venes.<\/span><o:p><\/o:p><\/p>\n<p class=\"Textbody\" style=\"text-align: justify; text-justify: inter-ideograph;\"><span style=\"font-family: Arial;\">Con la recuperaci\u00f3n sostenida del pa\u00eds y la creaci\u00f3n de los Programas de la Revoluci\u00f3n (Universalizaci\u00f3n) concluy\u00f3 el curso 2007-2008, con una matr\u00edcula total de 10 263 estudiantes incluyendo la Sede Universitaria Municipal (SUM), formando profesionales altamente calificados en 18 carreras de ciencias t\u00e9cnicas, human\u00edsticas y econ\u00f3micas.<\/span><o:p><\/o:p><\/p>\n<p class=\"Textbody\" style=\"text-align: justify; text-justify: inter-ideograph;\"><span style=\"font-family: Arial;\">Desde sus inicios, cont\u00f3 con la infraestructura necesaria para dar respuesta a su objeto social, con un continuo perfeccionamiento en funci\u00f3n de las misiones asignadas. Inici\u00f3 con seis departamentos docentes, actualmente posee 15, adem\u00e1s de la infraestructura de aseguramiento correspondiente; formaron parte de la misma: las SUM\u00a0de Moa, Sagua de T\u00e1namo, Frank Pa\u00eds y Mayar\u00ed. En la actualidad cuenta con tres Facultades (dos para las Ciencias T\u00e9cnicas y una para las Ciencias Human\u00edsticas y Econ\u00f3micas).<\/span><o:p><\/o:p><\/p>\n<p><span style=\"font-family: Arial;\">Es centro rector de la ense\u00f1anza de la Geolog\u00eda, la Miner\u00eda y la Metalurgia.<\/span><\/p>\n<p><span style=\"font-family: Arial;\">En 45 a\u00f1os nuestro centro ha graduado a m\u00e1s de 11 mil profesionales, ubicados para su actividad laboral en el MINBAS y en particular en las Empresas del Grupo CUBANIQUEL, en el MICONS, MINFAR, SIME, otros organismos y CES, con una cifra superior a los 468 T\u00edtulos de Oro y 614 graduados extranjeros provenientes de 66 pa\u00edses.<\/span><\/p>\n<p><span style=\"font-family: Arial;\">Certificada en el a\u00f1o 2018, por la Junta de Acreditaci\u00f3n Nacional, Unidos por la Excelencia, mostr\u00f3 los avances y resultados que la comunidad universitaria ha logrado como parte de su compromiso con la Revoluci\u00f3n y los j\u00f3venes, garantizando la formaci\u00f3n integral y continua de los mismos.<\/span><\/p>\n<p class=\"Textbody\" style=\"text-align: justify; text-justify: inter-ideograph;\"><span style=\"font-family: Arial;\">En el a\u00f1o 2019, al ser aprobado el cambio de denominaci\u00f3n de las instituciones de educaci\u00f3n superior, a trav\u00e9s del Decreto ley No. 369 de 2018, es nombrada Universidad de Moa Dr. Antonio N\u00fa\u00f1ez Jim\u00e9nez, por el Ministerio de Educaci\u00f3n Superior.<\/span><\/p>\n<p>[\/et_pb_text][\/et_pb_column][\/et_pb_row][et_pb_row _builder_version=\u00bb4.16&#8243; _module_preset=\u00bbdefault\u00bb custom_margin=\u00bb-84px|auto||auto||\u00bb custom_padding=\u00bb||0px|||\u00bb global_colors_info=\u00bb{}\u00bb][et_pb_column type=\u00bb4_4&#8243; _builder_version=\u00bb4.16&#8243; _module_preset=\u00bbdefault\u00bb global_colors_info=\u00bb{}\u00bb][et_pb_video src=\u00bbhttps:\/\/www.ismm.edu.cu\/wp-content\/uploads\/2022\/05\/Universidad-de-Moa-Dr.-Antonio-Nunez-Jimenez.mp4&#8243; image_src=\u00bbhttps:\/\/www.ismm.edu.cu\/wp-content\/uploads\/2022\/05\/umoa.png\u00bb _builder_version=\u00bb4.16&#8243; _module_preset=\u00bbdefault\u00bb custom_margin=\u00bb-63px|||||\u00bb custom_padding=\u00bb0px|||||\u00bb animation_style=\u00bbfade\u00bb global_colors_info=\u00bb{}\u00bb][\/et_pb_video][\/et_pb_column][\/et_pb_row][\/et_pb_section][et_pb_section fb_built=\u00bb1&#8243; prev_background_color=\u00bb#ffffff\u00bb next_background_color=\u00bb#ffffff\u00bb admin_label=\u00bbCall To Action\u00bb _builder_version=\u00bb4.16&#8243; use_background_color_gradient=\u00bbon\u00bb background_color_gradient_direction=\u00bb70deg\u00bb background_color_gradient_stops=\u00bb#283d4b 0%|rgba(128,103,79,0.5) 100%\u00bb background_color_gradient_overlays_image=\u00bbon\u00bb background_color_gradient_start=\u00bb#283d4b\u00bb background_color_gradient_end=\u00bbrgba(128,103,79,0.5)\u00bb background_image=\u00bbhttps:\/\/www.ismm.edu.cu\/wp-content\/uploads\/2022\/02\/11.png\u00bb min_height=\u00bb497.2px\u00bb custom_margin=\u00bb-4px||-119px|||\u00bb custom_padding=\u00bb0vw||6vw||false|false\u00bb top_divider_style=\u00bbmountains2&#8243; top_divider_height=\u00bb18vw\u00bb top_divider_repeat=\u00bb0.5x\u00bb bottom_divider_style=\u00bbmountains2&#8243; bottom_divider_height=\u00bb14%\u00bb bottom_divider_repeat=\u00bb0.5x\u00bb bottom_divider_flip=\u00bbhorizontal\u00bb animation_style=\u00bbfade\u00bb background_color_gradient_stops_tablet=\u00bb#283d4b 0%|rgba(128,103,79,0.5) 100%\u00bb background_color_gradient_stops_phone=\u00bb#283d4b 0%|rgba(128,103,79,0.5) 100%\u00bb global_module=\u00bb5192&#8243; locked=\u00bboff\u00bb global_colors_info=\u00bb{}\u00bb][et_pb_row _builder_version=\u00bb4.16&#8243; background_color=\u00bbrgba(79,62,62,0)\u00bb background_enable_image=\u00bboff\u00bb custom_margin=\u00bb134px|auto|2px|auto|false|false\u00bb custom_padding=\u00bb232px|||||\u00bb animation_style=\u00bbzoom\u00bb animation_direction=\u00bbbottom\u00bb animation_intensity_zoom=\u00bb6%\u00bb locked=\u00bboff\u00bb global_colors_info=\u00bb{}\u00bb][et_pb_column type=\u00bb4_4&#8243; _builder_version=\u00bb4.16&#8243; custom_padding=\u00bb|||\u00bb global_colors_info=\u00bb{}\u00bb custom_padding__hover=\u00bb|||\u00bb][et_pb_text _builder_version=\u00bb4.16&#8243; text_font=\u00bb||||||||\u00bb header_font=\u00bb||||||||\u00bb header_2_font=\u00bb||||||||\u00bb header_2_text_color=\u00bb#ffffff\u00bb header_2_font_size=\u00bb36px\u00bb header_2_line_height=\u00bb1.3em\u00bb text_orientation=\u00bbcenter\u00bb background_layout=\u00bbdark\u00bb max_width=\u00bb530px\u00bb module_alignment=\u00bbcenter\u00bb min_height=\u00bb69.8px\u00bb custom_margin=\u00bb-92px|||||\u00bb custom_padding=\u00bb0px||0px|||\u00bb locked=\u00bboff\u00bb global_colors_info=\u00bb{}\u00bb header_font_size__hover=\u00bb30px\u00bb header_font_size__hover_enabled=\u00bb30px\u00bb header_letter_spacing__hover=\u00bb0px\u00bb header_letter_spacing__hover_enabled=\u00bb0px\u00bb header_text_shadow_style__hover=\u00bbnone\u00bb header_text_shadow_style__hover_enabled=\u00bbnone\u00bb header_text_shadow_color__hover=\u00bbrgba(0,0,0,0.4)\u00bb header_text_shadow_color__hover_enabled=\u00bbrgba(0,0,0,0.4)\u00bb]<\/p>\n<h2>Cont\u00e1ctenos<\/h2>\n<p>[\/et_pb_text][et_pb_divider color=\u00bb#09e1c0&#8243; divider_weight=\u00bb4px\u00bb disabled_on=\u00bbon|on|off\u00bb _builder_version=\u00bb4.16&#8243; background_size=\u00bbinitial\u00bb background_position=\u00bbtop_left\u00bb background_repeat=\u00bbrepeat\u00bb max_width=\u00bb40px\u00bb module_alignment=\u00bbcenter\u00bb custom_margin=\u00bb||10px|\u00bb animation_style=\u00bbzoom\u00bb animation_direction=\u00bbleft\u00bb locked=\u00bboff\u00bb global_colors_info=\u00bb{}\u00bb][\/et_pb_divider][et_pb_text _builder_version=\u00bb4.16&#8243; text_font=\u00bb|300|||||||\u00bb text_text_color=\u00bb#ffffff\u00bb text_font_size=\u00bb16px\u00bb text_line_height=\u00bb1.9em\u00bb text_orientation=\u00bbcenter\u00bb background_layout=\u00bbdark\u00bb max_width=\u00bb540px\u00bb module_alignment=\u00bbcenter\u00bb custom_padding=\u00bb||4px|||\u00bb locked=\u00bboff\u00bb global_colors_info=\u00bb{}\u00bb]<\/p>\n<div class=\"textwidget\">\n<div style=\"text-align: center;\" align=\"justify\">Avenida Calixto Garc\u00eda I\u00f1iguez #15 entre\u00a0 Av. 7 de Diciembre y Calle Reynaldo Laffita Rueda, Rpto Caribe, Moa, Holgu\u00edn. cp:83330<br \/>+53 24604214<br \/>comunicacion@ismm.edu.cu<\/div>\n<\/div>\n<p>[\/et_pb_text][\/et_pb_column][\/et_pb_row][\/et_pb_section]<\/p>\n","protected":false},"excerpt":{"rendered":"<p>Historia Por m\u00e1s de 47 a\u00f1os al servicio de la docencia, la investigaci\u00f3n y la innovaci\u00f3n tecnol\u00f3gica \u00a0 En sus inicios\u2026 Si al triunfo de la gesta revolucionaria, en 1959, apenas exist\u00edan en Moa tres escuelas p\u00fablicas, con una matr\u00edcula que no superaba los 120 alumnos y el analfabetismo rebasaba el 70 % de las [&hellip;]<\/p>\n","protected":false},"author":10,"featured_media":0,"parent":0,"menu_order":0,"comment_status":"closed","ping_status":"closed","template":"","meta":{"_et_pb_use_builder":"on","_et_pb_old_content":"","_et_gb_content_width":"","footnotes":""},"class_list":["post-1955","page","type-page","status-publish","hentry"],"_links":{"self":[{"href":"https:\/\/www.ismm.edu.cu\/index.php\/wp-json\/wp\/v2\/pages\/1955"}],"collection":[{"href":"https:\/\/www.ismm.edu.cu\/index.php\/wp-json\/wp\/v2\/pages"}],"about":[{"href":"https:\/\/www.ismm.edu.cu\/index.php\/wp-json\/wp\/v2\/types\/page"}],"author":[{"embeddable":true,"href":"https:\/\/www.ismm.edu.cu\/index.php\/wp-json\/wp\/v2\/users\/10"}],"replies":[{"embeddable":true,"href":"https:\/\/www.ismm.edu.cu\/index.php\/wp-json\/wp\/v2\/comments?post=1955"}],"version-history":[{"count":22,"href":"https:\/\/www.ismm.edu.cu\/index.php\/wp-json\/wp\/v2\/pages\/1955\/revisions"}],"predecessor-version":[{"id":8114,"href":"https:\/\/www.ismm.edu.cu\/index.php\/wp-json\/wp\/v2\/pages\/1955\/revisions\/8114"}],"wp:attachment":[{"href":"https:\/\/www.ismm.edu.cu\/index.php\/wp-json\/wp\/v2\/media?parent=1955"}],"curies":[{"name":"wp","href":"https:\/\/api.w.org\/{rel}","templated":true}]}}