{"id":1915,"date":"2019-12-18T20:47:55","date_gmt":"2019-12-18T20:47:55","guid":{"rendered":"https:\/\/www.ismm.edu.cu\/?page_id=841"},"modified":"2023-09-05T16:32:32","modified_gmt":"2023-09-05T16:32:32","slug":"comision-grado-cientifico","status":"publish","type":"page","link":"https:\/\/www.ismm.edu.cu\/index.php\/comision-grado-cientifico\/","title":{"rendered":"Comisi\u00f3n de Grado Cient\u00edfico"},"content":{"rendered":"<p>[et_pb_section fb_built=\u00bb1&#8243; _builder_version=\u00bb4.0.11&#8243; background_image=\u00bbhttps:\/\/www.ismm.edu.cu\/wp-content\/uploads\/2020\/01\/political-candidate-19.png\u00bb][et_pb_row column_structure=\u00bb1_2,1_2&#8243; _builder_version=\u00bb4.0.11&#8243;][et_pb_column type=\u00bb1_2&#8243; _builder_version=\u00bb4.0.11&#8243;][et_pb_image src=\u00bbhttps:\/\/www.ismm.edu.cu\/wp-content\/uploads\/2020\/01\/g1.jpg\u00bb _builder_version=\u00bb4.2.2&#8243; border_width_all=\u00bb6px\u00bb border_color_all=\u00bb#b3b3b3&#8243; border_style_all=\u00bbgroove\u00bb box_shadow_style=\u00bbpreset4&#8243; box_shadow_horizontal=\u00bb-18px\u00bb][\/et_pb_image][\/et_pb_column][et_pb_column type=\u00bb1_2&#8243; _builder_version=\u00bb4.0.11&#8243;][et_pb_text _builder_version=\u00bb4.2.2&#8243; text_font=\u00bbGeorgia||||||||\u00bb text_font_size=\u00bb49px\u00bb text_letter_spacing=\u00bb2px\u00bb text_line_height=\u00bb1.8em\u00bb text_orientation=\u00bbright\u00bb background_layout=\u00bbdark\u00bb width=\u00bb100%\u00bb min_height=\u00bb394px\u00bb custom_padding=\u00bb||0px|||\u00bb text_text_shadow_style=\u00bbpreset5&#8243; text_text_shadow_color=\u00bb#000000&#8243;]Comisi\u00f3n de Grado Cient\u00edfico[\/et_pb_text][\/et_pb_column][\/et_pb_row][et_pb_row _builder_version=\u00bb4.0.11&#8243; custom_margin=\u00bb|186px||109px||\u00bb custom_padding=\u00bb|0px||||\u00bb][et_pb_column type=\u00bb4_4&#8243; _builder_version=\u00bb4.0.11&#8243;][et_pb_text _builder_version=\u00bb4.9.1&#8243; text_text_color=\u00bb#000000&#8243; text_font_size=\u00bb20px\u00bb width=\u00bb100%\u00bb custom_padding=\u00bb|0px||||\u00bb hover_enabled=\u00bb0&#8243; sticky_enabled=\u00bb0&#8243;]<\/p>\n<table width=\"644\">\n<tbody>\n<tr>\n<td width=\"66\"><strong>No<\/strong><\/td>\n<td width=\"291\"><strong>Miembros de la Comisi\u00f3n de Grado Cient\u00edfico<br \/><\/strong><\/td>\n<td width=\"132\"><strong>Funci\u00f3n<\/strong><\/td>\n<td width=\"145\"><strong>\u00c1rea<\/strong><\/td>\n<\/tr>\n<tr>\n<td width=\"66\">1.<\/td>\n<td width=\"291\">Dr. C. Eulicer Faustino Fern\u00e1ndez Maresma<\/td>\n<td width=\"132\">Presidente<\/td>\n<td width=\"145\">Facd. de Metalurgia y Electromec\u00e1nica<\/td>\n<\/tr>\n<tr>\n<td width=\"66\">2.<\/td>\n<td width=\"291\">Dr. C. Ar\u00edstides Alejandro Legr\u00e1 Lobaina<\/td>\n<td width=\"132\">Secretario<\/td>\n<td width=\"145\">Facd. de Metalurgia y Electromec\u00e1nica<\/td>\n<\/tr>\n<tr>\n<td width=\"66\">3.<\/td>\n<td width=\"291\">Dr. C. Maday Cartaya Pire<\/td>\n<td width=\"132\">Miembro<\/td>\n<td width=\"145\">Vicerrector\u00eda Primera<\/td>\n<\/tr>\n<tr>\n<td width=\"66\">4.<\/td>\n<td width=\"291\">Dr. C. Yosbanis Manuel Cervantes Guerra<\/td>\n<td width=\"132\">Miembro<\/td>\n<td width=\"145\">Vicerrector\u00eda Posgrado<\/td>\n<\/tr>\n<tr>\n<td width=\"66\">5.<\/td>\n<td width=\"291\">Dr. C. Roger Samuel Almenares Reyes<\/td>\n<td width=\"132\">Miembro<\/td>\n<td width=\"145\">Vicerrector\u00eda Pregrado<\/td>\n<\/tr>\n<tr>\n<td width=\"66\">6.<\/td>\n<td width=\"291\">Dr. C. Mayda Ulloa Carcass\u00e9s<\/td>\n<td width=\"132\">Miembro<\/td>\n<td width=\"145\">Facd. de Geolog\u00eda y Minas<\/td>\n<\/tr>\n<tr>\n<td width=\"66\">7.<\/td>\n<td width=\"291\">Dr. C Gerardo Antonio Orozco Melgar<\/td>\n<td width=\"132\">Miembro<\/td>\n<td width=\"145\">Facd. de Geolog\u00eda y Minas<\/td>\n<\/tr>\n<tr>\n<td width=\"66\">8.<\/td>\n<td width=\"291\">Dr. C. Rafael Miguel Guardado Lacaba<\/td>\n<td width=\"132\">Miembro<\/td>\n<td width=\"145\">Facd. de Geolog\u00eda y Minas<\/td>\n<\/tr>\n<tr>\n<td width=\"66\">9.<\/td>\n<td width=\"291\">Dr. C. Alain Carballo Pe\u00f1a<\/td>\n<td width=\"132\">Miembro<\/td>\n<td width=\"145\">Facd. de Geolog\u00eda y Minas<\/td>\n<\/tr>\n<tr>\n<td width=\"66\">10.<\/td>\n<td width=\"291\">Dr. C. Reyneris Montero Laurencio<\/td>\n<td width=\"132\">Miembro<\/td>\n<td width=\"145\">Facd. de Metalurgia y Electromec\u00e1nica<\/td>\n<\/tr>\n<tr>\n<td width=\"66\">11.<\/td>\n<td width=\"291\">Dr. C. \u00c1ngel Oscar Columbi\u00e9 Navarro<\/td>\n<td width=\"132\">Miembro<\/td>\n<td width=\"145\">Facd. de Metalurgia y Electromec\u00e1nica<\/td>\n<\/tr>\n<tr>\n<td width=\"66\">12.<\/td>\n<td width=\"291\">Dr. C. Tom\u00e1s Hernaldo Fern\u00e1ndez Columbi\u00e9<\/td>\n<td width=\"132\">Miembro<\/td>\n<td width=\"145\">Facd. de Metalurgia y Electromec\u00e1nica<\/td>\n<\/tr>\n<tr>\n<td width=\"66\">13.<\/td>\n<td width=\"291\">Dr. C. Edelio Danguillecourt Alvarez<\/td>\n<td width=\"132\">Miembro<\/td>\n<td width=\"145\">Facd. de Metalurgia y Electromec\u00e1nica<\/td>\n<\/tr>\n<tr>\n<td width=\"66\">14.<\/td>\n<td width=\"291\">Dr. C. Clara Luz Reynaldo Arg\u00fcelles<\/td>\n<td width=\"132\">Miembro<\/td>\n<td width=\"145\">Facd. de Geolog\u00eda y Minas<\/td>\n<\/tr>\n<tr>\n<td width=\"66\">15.<\/td>\n<td width=\"291\">Dr. C. Jos\u00e9 Luis Montero O\u2019farril<\/td>\n<td width=\"132\">Miembro<\/td>\n<td width=\"145\">Facd. de Ciencias Sociales y Econ\u00f3micas<\/td>\n<\/tr>\n<tr>\n<td width=\"66\">16.<\/td>\n<td width=\"291\">Dr. C. Eduardo Terrero Matos<\/td>\n<td width=\"132\">Miembro<\/td>\n<td width=\"145\">Facd. de Metalurgia y Electromec\u00e1nica<\/td>\n<\/tr>\n<tr>\n<td width=\"66\">17.<\/td>\n<td width=\"291\">Dr. C. Ren\u00e9 Luciano Guardiola Romero<\/td>\n<td width=\"132\">Miembro<\/td>\n<td width=\"145\">Vicerrector\u00eda Posgrado<\/td>\n<\/tr>\n<tr>\n<td width=\"66\"><\/td>\n<td width=\"291\"><\/td>\n<td width=\"132\"><\/td>\n<td width=\"145\"><\/td>\n<\/tr>\n<tr>\n<td width=\"66\"><\/td>\n<td width=\"291\"><\/td>\n<td width=\"132\"><\/td>\n<td width=\"145\"><\/td>\n<\/tr>\n<tr>\n<td width=\"66\"><\/td>\n<td width=\"291\"><\/td>\n<td width=\"132\"><\/td>\n<td width=\"145\"><\/td>\n<\/tr>\n<tr>\n<td width=\"66\"><\/td>\n<td width=\"291\"><\/td>\n<td width=\"132\"><\/td>\n<td width=\"145\"><\/td>\n<\/tr>\n<tr>\n<td width=\"66\"><\/td>\n<td width=\"291\"><\/td>\n<td width=\"132\"><\/td>\n<td width=\"145\"><\/td>\n<\/tr>\n<tr>\n<td width=\"66\"><\/td>\n<td width=\"291\"><\/td>\n<td width=\"132\"><\/td>\n<td width=\"145\"><\/td>\n<\/tr>\n<tr>\n<td width=\"66\"><\/td>\n<td width=\"291\"><\/td>\n<td width=\"132\"><\/td>\n<td width=\"145\"><\/td>\n<\/tr>\n<tr>\n<td width=\"66\"><\/td>\n<td width=\"291\"><\/td>\n<td width=\"132\"><\/td>\n<td width=\"145\"><\/td>\n<\/tr>\n<tr>\n<td width=\"66\"><\/td>\n<td width=\"291\"><\/td>\n<td width=\"132\"><\/td>\n<td width=\"145\"><\/td>\n<\/tr>\n<tr>\n<td colspan=\"4\" width=\"640\"><\/td>\n<\/tr>\n<\/tbody>\n<\/table>\n<p>[\/et_pb_text][\/et_pb_column][\/et_pb_row][et_pb_row _builder_version=\u00bb4.0.11&#8243; background_color=\u00bbrgba(79,79,79,0.55)\u00bb background_enable_image=\u00bboff\u00bb custom_margin=\u00bb|||\u00bb animation_style=\u00bbzoom\u00bb animation_direction=\u00bbbottom\u00bb animation_intensity_zoom=\u00bb6%\u00bb locked=\u00bboff\u00bb][et_pb_column type=\u00bb4_4&#8243; _builder_version=\u00bb3.25&#8243; custom_padding=\u00bb|||\u00bb custom_padding__hover=\u00bb|||\u00bb][et_pb_text _builder_version=\u00bb4.0.11&#8243; text_font=\u00bb||||||||\u00bb header_font=\u00bb||||||||\u00bb header_2_font=\u00bb||||||||\u00bb header_2_text_color=\u00bb#ffffff\u00bb header_2_font_size=\u00bb36px\u00bb header_2_line_height=\u00bb1.3em\u00bb text_orientation=\u00bbcenter\u00bb background_layout=\u00bbdark\u00bb max_width=\u00bb530px\u00bb module_alignment=\u00bbcenter\u00bb custom_padding=\u00bb|||\u00bb locked=\u00bboff\u00bb header_font_size__hover=\u00bb30px\u00bb header_font_size__hover_enabled=\u00bb30px\u00bb header_letter_spacing__hover=\u00bb0px\u00bb header_letter_spacing__hover_enabled=\u00bb0px\u00bb header_text_shadow_style__hover=\u00bbnone\u00bb header_text_shadow_style__hover_enabled=\u00bbnone\u00bb header_text_shadow_color__hover=\u00bbrgba(0,0,0,0.4)\u00bb header_text_shadow_color__hover_enabled=\u00bbrgba(0,0,0,0.4)\u00bb]<\/p>\n<h2>Cont\u00e1ctenos<\/h2>\n<p>[\/et_pb_text][et_pb_divider color=\u00bb#09e1c0&#8243; divider_weight=\u00bb4px\u00bb disabled_on=\u00bbon|on|off\u00bb _builder_version=\u00bb3.2&#8243; background_size=\u00bbinitial\u00bb background_position=\u00bbtop_left\u00bb background_repeat=\u00bbrepeat\u00bb max_width=\u00bb40px\u00bb module_alignment=\u00bbcenter\u00bb custom_margin=\u00bb||10px|\u00bb animation_style=\u00bbzoom\u00bb animation_direction=\u00bbleft\u00bb locked=\u00bboff\u00bb][\/et_pb_divider][et_pb_text _builder_version=\u00bb4.2.2&#8243; text_font=\u00bb|300|||||||\u00bb text_text_color=\u00bb#ffffff\u00bb text_font_size=\u00bb16px\u00bb text_line_height=\u00bb1.9em\u00bb text_orientation=\u00bbcenter\u00bb background_layout=\u00bbdark\u00bb max_width=\u00bb540px\u00bb module_alignment=\u00bbcenter\u00bb custom_padding=\u00bb||4px|||\u00bb locked=\u00bboff\u00bb]<\/p>\n<div class=\"textwidget\">\n<div style=\"text-align: center;\" align=\"justify\">Avenida Calixto Garc\u00eda I\u00f1iguez #15 entre\u00a0 Av. 7 de Diciembre y Calle Reynaldo Laffita Rueda, Rpto Caribe, Moa, Holgu\u00edn. cp:83330<br \/>\n+53 24604214<br \/>\nwebmaster@ismm.edu.cu<\/div>\n<\/div>\n<p>[\/et_pb_text][\/et_pb_column][\/et_pb_row][\/et_pb_section]<\/p>\n","protected":false},"excerpt":{"rendered":"<p>Comisi\u00f3n de Grado Cient\u00edfico No Miembros de la Comisi\u00f3n de Grado Cient\u00edfico Funci\u00f3n \u00c1rea 1. Dr. C. Eulicer Faustino Fern\u00e1ndez Maresma Presidente Facd. de Metalurgia y Electromec\u00e1nica 2. Dr. C. Ar\u00edstides Alejandro Legr\u00e1 Lobaina Secretario Facd. de Metalurgia y Electromec\u00e1nica 3. Dr. C. Maday Cartaya Pire Miembro Vicerrector\u00eda Primera 4. Dr. C. Yosbanis Manuel Cervantes [&hellip;]<\/p>\n","protected":false},"author":10,"featured_media":0,"parent":0,"menu_order":0,"comment_status":"closed","ping_status":"closed","template":"","meta":{"_et_pb_use_builder":"on","_et_pb_old_content":"","_et_gb_content_width":"","footnotes":""},"class_list":["post-1915","page","type-page","status-publish","hentry"],"_links":{"self":[{"href":"https:\/\/www.ismm.edu.cu\/index.php\/wp-json\/wp\/v2\/pages\/1915"}],"collection":[{"href":"https:\/\/www.ismm.edu.cu\/index.php\/wp-json\/wp\/v2\/pages"}],"about":[{"href":"https:\/\/www.ismm.edu.cu\/index.php\/wp-json\/wp\/v2\/types\/page"}],"author":[{"embeddable":true,"href":"https:\/\/www.ismm.edu.cu\/index.php\/wp-json\/wp\/v2\/users\/10"}],"replies":[{"embeddable":true,"href":"https:\/\/www.ismm.edu.cu\/index.php\/wp-json\/wp\/v2\/comments?post=1915"}],"version-history":[{"count":16,"href":"https:\/\/www.ismm.edu.cu\/index.php\/wp-json\/wp\/v2\/pages\/1915\/revisions"}],"predecessor-version":[{"id":6290,"href":"https:\/\/www.ismm.edu.cu\/index.php\/wp-json\/wp\/v2\/pages\/1915\/revisions\/6290"}],"wp:attachment":[{"href":"https:\/\/www.ismm.edu.cu\/index.php\/wp-json\/wp\/v2\/media?parent=1915"}],"curies":[{"name":"wp","href":"https:\/\/api.w.org\/{rel}","templated":true}]}}