{"id":1907,"date":"2019-12-18T20:47:23","date_gmt":"2019-12-18T20:47:23","guid":{"rendered":"https:\/\/www.ismm.edu.cu\/?page_id=839"},"modified":"2026-02-23T19:48:29","modified_gmt":"2026-02-23T19:48:29","slug":"ciencia-tecnologia-e-investigacion","status":"publish","type":"page","link":"https:\/\/www.ismm.edu.cu\/index.php\/ciencia-tecnologia-e-investigacion\/","title":{"rendered":"Ciencia, Tecnologia e Innovacion"},"content":{"rendered":"<p>[et_pb_section fb_built=\u00bb1&#8243; custom_padding_last_edited=\u00bbon|desktop\u00bb admin_label=\u00bbHeader\u00bb _builder_version=\u00bb4.16&#8243; background_image=\u00bbhttps:\/\/www.ismm.edu.cu\/wp-content\/uploads\/2022\/05\/0.jpg\u00bb background_enable_video_mp4=\u00bboff\u00bb custom_padding=\u00bb10vh|0|16vh||false|false\u00bb custom_padding_tablet=\u00bb10vh||10vh||false\u00bb custom_padding_phone=\u00bb5vh||5vh||false\u00bb top_divider_style=\u00bbwave2&#8243; top_divider_color=\u00bbrgba(12,113,195,0.11)\u00bb top_divider_height=\u00bb100%\u00bb top_divider_flip=\u00bbhorizontal\u00bb bottom_divider_style=\u00bbcurve\u00bb bottom_divider_color=\u00bb#ffffff\u00bb bottom_divider_height=\u00bb3vw\u00bb bottom_divider_flip=\u00bbvertical\u00bb global_colors_info=\u00bb{}\u00bb][et_pb_row _builder_version=\u00bb4.16&#8243; custom_margin=\u00bb|auto|48px|auto||\u00bb custom_padding=\u00bb112px|||||\u00bb global_colors_info=\u00bb{}\u00bb][et_pb_column type=\u00bb4_4&#8243; _builder_version=\u00bb4.16&#8243; custom_padding=\u00bb|||\u00bb global_colors_info=\u00bb{}\u00bb custom_padding__hover=\u00bb|||\u00bb][et_pb_text _builder_version=\u00bb4.16&#8243; text_font=\u00bb||||||||\u00bb ul_font=\u00bb||||||||\u00bb ol_font=\u00bb||||||||\u00bb header_font=\u00bb||||||||\u00bb header_text_color=\u00bb#000000&#8243; header_font_size=\u00bb67px\u00bb header_letter_spacing=\u00bb1px\u00bb header_line_height=\u00bb1.2em\u00bb header_2_font=\u00bbVollkorn||||||||\u00bb header_2_font_size=\u00bb44px\u00bb header_2_letter_spacing=\u00bb1px\u00bb header_2_line_height=\u00bb1.4em\u00bb header_3_font=\u00bb||||||||\u00bb header_4_font=\u00bb||||||||\u00bb header_5_font=\u00bb||||||||\u00bb header_6_font=\u00bb||||||||\u00bb background_layout=\u00bbdark\u00bb max_width=\u00bb800px\u00bb module_alignment=\u00bbleft\u00bb custom_margin=\u00bb-21px||20px|||\u00bb custom_padding=\u00bb0px|||||\u00bb animation_style=\u00bbslide\u00bb animation_direction=\u00bbleft\u00bb animation_intensity_slide=\u00bb2%\u00bb header_font_size_tablet=\u00bb35px\u00bb header_font_size_phone=\u00bb30px\u00bb header_font_size_last_edited=\u00bbon|desktop\u00bb header_2_font_size_tablet=\u00bb35px\u00bb header_2_font_size_phone=\u00bb30px\u00bb header_2_font_size_last_edited=\u00bbon|desktop\u00bb global_colors_info=\u00bb{}\u00bb]<\/p>\n<h1><strong><span style=\"color: #ffffff;\">Ciencia Tecnolog\u00eda e Innovaci\u00f3n<\/span><\/strong><\/h1>\n<h1><\/h1>\n<h2><\/h2>\n<p>[\/et_pb_text][\/et_pb_column][\/et_pb_row][\/et_pb_section][et_pb_section fb_built=\u00bb1&#8243; bg_img_1=\u00bbhttps:\/\/www.ismm.edu.cu\/wp-content\/uploads\/2020\/01\/political-candidate-25.png\u00bb background_size_1=\u00bbinitial\u00bb background_repeat_1=\u00bbno-repeat\u00bb background_position_1=\u00bbtop_right\u00bb admin_label=\u00bbHeader\u00bb _builder_version=\u00bb4.27.0&#8243; custom_margin=\u00bb||0px|\u00bb custom_padding=\u00bb0px||0px||true\u00bb animation_style=\u00bbfade\u00bb hover_enabled=\u00bb0&#8243; global_colors_info=\u00bb{}\u00bb sticky_enabled=\u00bb0&#8243;][et_pb_row column_structure=\u00bb1_2,1_2&#8243; make_equal=\u00bbon\u00bb padding_top_bottom_link_2=\u00bbfalse\u00bb padding_left_right_link_2=\u00bbfalse\u00bb _builder_version=\u00bb4.27.0&#8243; width=\u00bb100%\u00bb max_width=\u00bb100%\u00bb custom_margin=\u00bb|auto|-95px|auto||\u00bb custom_padding=\u00bb0px||0px||true\u00bb hover_enabled=\u00bb0&#8243; use_custom_width=\u00bbon\u00bb width_unit=\u00bboff\u00bb custom_width_percent=\u00bb100%\u00bb global_colors_info=\u00bb{}\u00bb sticky_enabled=\u00bb0&#8243;][et_pb_column type=\u00bb1_2&#8243; _builder_version=\u00bb4.16&#8243; background_image=\u00bbhttps:\/\/www.ismm.edu.cu\/wp-content\/uploads\/2020\/10\/IMG_2689-scaled.jpg\u00bb custom_padding=\u00bb||46px||false|false\u00bb global_colors_info=\u00bb{}\u00bb custom_padding__hover=\u00bb|||\u00bb][et_pb_image src=\u00bbhttps:\/\/www.ismm.edu.cu\/wp-content\/uploads\/2020\/01\/political-candidate-19.png\u00bb _builder_version=\u00bb4.27.0&#8243; hover_enabled=\u00bb0&#8243; always_center_on_mobile=\u00bboff\u00bb global_colors_info=\u00bb{}\u00bb sticky_enabled=\u00bb0&#8243;][\/et_pb_image][et_pb_divider show_divider=\u00bboff\u00bb _builder_version=\u00bb4.27.0&#8243; height=\u00bb200px\u00bb hover_enabled=\u00bb0&#8243; global_colors_info=\u00bb{}\u00bb sticky_enabled=\u00bb0&#8243;][\/et_pb_divider][\/et_pb_column][et_pb_column type=\u00bb1_2&#8243; _builder_version=\u00bb4.16&#8243; custom_padding=\u00bb6vw|10%|12vw|\u00bb custom_padding_tablet=\u00bb|10%||10%||true\u00bb custom_padding_phone=\u00bb|||\u00bb custom_padding_last_edited=\u00bbon|tablet\u00bb global_colors_info=\u00bb{}\u00bb padding_phone=\u00bb|||\u00bb padding_tablet=\u00bb|10%||10%||true\u00bb padding_last_edited=\u00bbon|tablet\u00bb custom_padding__hover=\u00bb|||\u00bb][et_pb_text _builder_version=\u00bb4.16&#8243; text_font=\u00bb||||||||\u00bb text_font_size=\u00bb16px\u00bb text_line_height=\u00bb2em\u00bb header_font=\u00bbUbuntu|700|||||||\u00bb header_font_size=\u00bb60px\u00bb header_line_height=\u00bb1.4em\u00bb header_3_font=\u00bbUbuntu||||||||\u00bb header_3_text_color=\u00bb#bb7860&#8243; header_3_line_height=\u00bb1.8em\u00bb max_width=\u00bb500px\u00bb custom_margin=\u00bb|||\u00bb custom_padding=\u00bb||0px|||\u00bb animation_style=\u00bbslide\u00bb text_font_size_tablet=\u00bb\u00bb text_font_size_phone=\u00bb14px\u00bb text_font_size_last_edited=\u00bbon|desktop\u00bb header_font_size_tablet=\u00bb\u00bb header_font_size_phone=\u00bb32px\u00bb header_font_size_last_edited=\u00bbon|desktop\u00bb global_colors_info=\u00bb{}\u00bb]<\/p>\n<p style=\"text-align: justify;\">Nuestra universidad tiene una acertada pol\u00edtica cient\u00edfica, articula su estructura y recursos humanos; posee excelentes relaciones universidad- empresa, reflejadas la inserci\u00f3n de estudiantes en la soluci\u00f3n de problemas a trav\u00e9s de proyectos de investigaci\u00f3n, as\u00ed como maestr\u00edas y doctorados que contribuyen al desarrollo econ\u00f3mico y social de los sectores estrat\u00e9gicos. Se basa, adem\u00e1s, en la creaci\u00f3n de una amplia cartera de proyectos, aspecto imprescindible en la gesti\u00f3n del financiamiento de la ciencia y la innovaci\u00f3n tecnol\u00f3gica.<\/p>\n<p style=\"text-align: justify;\">[\/et_pb_text][\/et_pb_column][\/et_pb_row][\/et_pb_section][et_pb_section fb_built=\u00bb1&#8243; admin_label=\u00bbSocial\u00bb _builder_version=\u00bb4.16&#8243; background_size=\u00bbinitial\u00bb background_position=\u00bbbottom_right\u00bb custom_margin=\u00bb-4vw|||\u00bb custom_padding=\u00bb0px|0px|0px|0px|true|false\u00bb bottom_divider_style=\u00bbwave2&#8243; bottom_divider_color=\u00bb#ffffff\u00bb bottom_divider_height=\u00bb10vw\u00bb bottom_divider_repeat=\u00bb1.5x\u00bb bottom_divider_arrangement=\u00bbabove_content\u00bb bottom_divider_height_tablet=\u00bb0px\u00bb bottom_divider_height_phone=\u00bb0px\u00bb bottom_divider_height_last_edited=\u00bbon|phone\u00bb animation_style=\u00bbfade\u00bb global_colors_info=\u00bb{}\u00bb][et_pb_row column_structure=\u00bb1_3,1_3,1_3&#8243; use_custom_gutter=\u00bbon\u00bb gutter_width=\u00bb1&#8243; custom_padding_last_edited=\u00bbon|tablet\u00bb padding_top_bottom_link_2=\u00bbfalse\u00bb padding_left_right_link_2=\u00bbtrue\u00bb _builder_version=\u00bb4.16&#8243; width=\u00bb100%\u00bb max_width=\u00bb100%\u00bb custom_margin=\u00bb|||||false\u00bb custom_padding=\u00bb0px||0px||true\u00bb custom_padding_tablet=\u00bb|10%||10%||true\u00bb custom_padding_phone=\u00bb\u00bb use_custom_width=\u00bbon\u00bb width_unit=\u00bboff\u00bb custom_width_percent=\u00bb100%\u00bb global_colors_info=\u00bb{}\u00bb][et_pb_column type=\u00bb1_3&#8243; _builder_version=\u00bb4.16&#8243; custom_padding=\u00bb|||\u00bb global_colors_info=\u00bb{}\u00bb custom_padding__hover=\u00bb|||\u00bb][\/et_pb_column][et_pb_column type=\u00bb1_3&#8243; _builder_version=\u00bb4.16&#8243; background_color=\u00bb#96a6bd\u00bb custom_padding=\u00bb100px|4%|12vw|4%\u00bb custom_padding_tablet=\u00bb|10%||10%||true\u00bb custom_padding_phone=\u00bb\u00bb custom_padding_last_edited=\u00bbon|desktop\u00bb global_colors_info=\u00bb{}\u00bb padding_tablet=\u00bb|10%||10%||true\u00bb padding_last_edited=\u00bbon|desktop\u00bb custom_padding__hover=\u00bb|||\u00bb padding_phone=\u00bb|10%||10%||true\u00bb][et_pb_text _builder_version=\u00bb4.16&#8243; text_font=\u00bb||||||||\u00bb text_font_size=\u00bb16px\u00bb text_line_height=\u00bb2em\u00bb header_font=\u00bb||||||||\u00bb header_2_font=\u00bbUbuntu|700|||||||\u00bb header_2_font_size=\u00bb32px\u00bb header_2_line_height=\u00bb1.4em\u00bb background_layout=\u00bbdark\u00bb header_2_font_size_tablet=\u00bb36px\u00bb header_2_font_size_phone=\u00bb32px\u00bb header_2_font_size_last_edited=\u00bbon|phone\u00bb global_colors_info=\u00bb{}\u00bb]<\/p>\n<h2><strong>Nuestra Misi\u00f3n<\/strong><\/h2>\n<p><span>Incrementar los resultados de la investigaci\u00f3n \u2013 desarrollo y la gesti\u00f3n de la innovaci\u00f3n, de manera que desempe\u00f1en un papel decisivo en el desarrollo econ\u00f3mico y social del pa\u00eds.<\/span><\/p>\n<p>[\/et_pb_text][\/et_pb_column][et_pb_column type=\u00bb1_3&#8243; _builder_version=\u00bb4.16&#8243; custom_padding=\u00bb|||\u00bb global_colors_info=\u00bb{}\u00bb custom_padding__hover=\u00bb|||\u00bb][\/et_pb_column][\/et_pb_row][\/et_pb_section][et_pb_section fb_built=\u00bb1&#8243; admin_label=\u00bbVision\u00bb _builder_version=\u00bb4.16&#8243; background_enable_color=\u00bboff\u00bb global_colors_info=\u00bb{}\u00bb][et_pb_row column_structure=\u00bb3_4,1_4&#8243; _builder_version=\u00bb4.16&#8243; animation_style=\u00bbfade\u00bb global_colors_info=\u00bb{}\u00bb][et_pb_column type=\u00bb3_4&#8243; _builder_version=\u00bb4.16&#8243; global_colors_info=\u00bb{}\u00bb][et_pb_tabs _builder_version=\u00bb4.16&#8243; body_font=\u00bb|||on|||||\u00bb global_colors_info=\u00bb{}\u00bb][et_pb_tab title=\u00bbPOL\u00cdTICA CIENT\u00cdFICA\u00bb _builder_version=\u00bb4.16&#8243; global_colors_info=\u00bb{}\u00bb]<\/p>\n<ul>\n<li>Prioridades econ\u00f3mico-sociales.<\/li>\n<li>Desarrollo de la industria del N\u00edquel.<\/li>\n<li>Uso racional y aprovechamiento de los recursos naturales.<\/li>\n<li>Fuentes alternativas de energ\u00eda.<\/li>\n<li>Desarrollo local y medio ambiente.<\/li>\n<li>Materiales para Ingenier\u00eda y la industria de materiales de construcci\u00f3n.<\/li>\n<li>Calidad en la formaci\u00f3n del profesional.<\/li>\n<li>Producciones limpias y tecnolog\u00edas para la industria minero metal\u00fargica.<\/li>\n<li>Eficiencia energ\u00e9tica en la industria y el turismo.<\/li>\n<li>Formaci\u00f3n y desarrollo de capital humano.<\/li>\n<\/ul>\n<p>[\/et_pb_tab][et_pb_tab title=\u00bb L\u00edneas priorizadas\u00bb _builder_version=\u00bb4.16&#8243; body_font=\u00bb|||on|||||\u00bb global_colors_info=\u00bb{}\u00bb]<\/p>\n<ul>\n<li>Materiales de la construcci\u00f3n y tecnolog\u00edas para el desarrollo habitacional del pa\u00eds.<\/li>\n<li>Producci\u00f3n de software para incrementar la eficiencia de la ense\u00f1anza universitaria, la investigaci\u00f3n cient\u00edfica y posgrado. La seguridad inform\u00e1tica.\u00a0 Redes de informaci\u00f3n. T\u00e9cnicas de ense\u00f1anza virtual.<\/li>\n<li>Evaluaci\u00f3n y manejo del agua y los recursos h\u00eddricos.<\/li>\n<li>Caracterizaci\u00f3n de materiales y desarrollo de las nanotecnolog\u00edas.<\/li>\n<li>Evaluaci\u00f3n sobre la eficiencia energ\u00e9tica de procesos e instalaciones industriales y de servicios. Fuentes de energ\u00edas alternativas.<\/li>\n<li>Gesti\u00f3n y evaluaci\u00f3n de problemas ambientales. Reordenamiento territorial. Patrimonio ge\u00f3logo \u2013 minero.<\/li>\n<li>Desarrollo local en la soluci\u00f3n de problemas territoriales de la regi\u00f3n minera.<\/li>\n<li>Evaluaci\u00f3n para elevar el conocimiento geol\u00f3gico de los yacimientos minerales.<\/li>\n<li>Evaluaci\u00f3n de la actividad minera y eficiencia de los procesos metal\u00fargicos.<\/li>\n<li>Estudios pedag\u00f3gicos para el desarrollo de las Carreras ge\u00f3logo \u2013 minero- metal\u00fargicas y asociadas a ellas. Desarrollo de las ciencias b\u00e1sicas. Matem\u00e1tica, F\u00edsica y Qu\u00edmica.<\/li>\n<\/ul>\n<p>[\/et_pb_tab][\/et_pb_tabs][\/et_pb_column][et_pb_column type=\u00bb1_4&#8243; _builder_version=\u00bb4.16&#8243; global_colors_info=\u00bb{}\u00bb][et_pb_image src=\u00bbhttps:\/\/www.ismm.edu.cu\/wp-content\/uploads\/2024\/05\/419750369_10231050243416198_3831255194125397126_n.jpg\u00bb title_text=\u00bb419750369_10231050243416198_3831255194125397126_n\u00bb force_fullwidth=\u00bbon\u00bb _builder_version=\u00bb4.23.1&#8243; min_height=\u00bb232px\u00bb height=\u00bb182px\u00bb max_height=\u00bb259px\u00bb custom_margin=\u00bb|42px||-46px||\u00bb custom_padding=\u00bb|0px|3px|0px||\u00bb animation_style=\u00bbslide\u00bb global_colors_info=\u00bb{}\u00bb][\/et_pb_image][et_pb_image src=\u00bbhttps:\/\/www.ismm.edu.cu\/wp-content\/uploads\/2022\/06\/servicio-de-geologia-y-mineria-para-estudio-de-nuevo-tunes-de-trasvase-4-scaled.jpg\u00bb title_text=\u00bbservicio de geolog\u00eda y miner\u00eda para estudio de nuevo tunes de trasvase 4&#8243; force_fullwidth=\u00bbon\u00bb _builder_version=\u00bb4.16&#8243; min_height=\u00bb232px\u00bb height=\u00bb182px\u00bb max_height=\u00bb259px\u00bb custom_margin=\u00bb|42px||-46px||\u00bb custom_padding=\u00bb|0px|3px|0px||\u00bb animation_style=\u00bbslide\u00bb global_colors_info=\u00bb{}\u00bb][\/et_pb_image][\/et_pb_column][\/et_pb_row][\/et_pb_section][et_pb_section fb_built=\u00bb1&#8243; prev_background_color=\u00bb#ffffff\u00bb next_background_color=\u00bb#ffffff\u00bb admin_label=\u00bbCall To Action\u00bb _builder_version=\u00bb4.16&#8243; use_background_color_gradient=\u00bbon\u00bb background_color_gradient_direction=\u00bb70deg\u00bb background_color_gradient_stops=\u00bb#283d4b 0%|rgba(128,103,79,0.5) 100%\u00bb background_color_gradient_overlays_image=\u00bbon\u00bb background_color_gradient_start=\u00bb#283d4b\u00bb background_color_gradient_end=\u00bbrgba(128,103,79,0.5)\u00bb background_image=\u00bbhttps:\/\/www.ismm.edu.cu\/wp-content\/uploads\/2022\/02\/11.png\u00bb min_height=\u00bb497.2px\u00bb custom_margin=\u00bb-4px||-119px|||\u00bb custom_padding=\u00bb0vw||6vw||false|false\u00bb top_divider_style=\u00bbmountains2&#8243; top_divider_height=\u00bb18vw\u00bb top_divider_repeat=\u00bb0.5x\u00bb bottom_divider_style=\u00bbmountains2&#8243; bottom_divider_height=\u00bb14%\u00bb bottom_divider_repeat=\u00bb0.5x\u00bb bottom_divider_flip=\u00bbhorizontal\u00bb animation_style=\u00bbfade\u00bb background_color_gradient_stops_tablet=\u00bb#283d4b 0%|rgba(128,103,79,0.5) 100%\u00bb background_color_gradient_stops_phone=\u00bb#283d4b 0%|rgba(128,103,79,0.5) 100%\u00bb global_module=\u00bb5192&#8243; locked=\u00bboff\u00bb global_colors_info=\u00bb{}\u00bb][\/et_pb_section]<\/p>\n","protected":false},"excerpt":{"rendered":"<p>Ciencia Tecnolog\u00eda e Innovaci\u00f3n Nuestra universidad tiene una acertada pol\u00edtica cient\u00edfica, articula su estructura y recursos humanos; posee excelentes relaciones universidad- empresa, reflejadas la inserci\u00f3n de estudiantes en la soluci\u00f3n de problemas a trav\u00e9s de proyectos de investigaci\u00f3n, as\u00ed como maestr\u00edas y doctorados que contribuyen al desarrollo econ\u00f3mico y social de los sectores estrat\u00e9gicos. Se [&hellip;]<\/p>\n","protected":false},"author":10,"featured_media":0,"parent":0,"menu_order":0,"comment_status":"closed","ping_status":"closed","template":"","meta":{"_et_pb_use_builder":"on","_et_pb_old_content":"","_et_gb_content_width":"","footnotes":""},"class_list":["post-1907","page","type-page","status-publish","hentry"],"_links":{"self":[{"href":"https:\/\/www.ismm.edu.cu\/index.php\/wp-json\/wp\/v2\/pages\/1907"}],"collection":[{"href":"https:\/\/www.ismm.edu.cu\/index.php\/wp-json\/wp\/v2\/pages"}],"about":[{"href":"https:\/\/www.ismm.edu.cu\/index.php\/wp-json\/wp\/v2\/types\/page"}],"author":[{"embeddable":true,"href":"https:\/\/www.ismm.edu.cu\/index.php\/wp-json\/wp\/v2\/users\/10"}],"replies":[{"embeddable":true,"href":"https:\/\/www.ismm.edu.cu\/index.php\/wp-json\/wp\/v2\/comments?post=1907"}],"version-history":[{"count":4,"href":"https:\/\/www.ismm.edu.cu\/index.php\/wp-json\/wp\/v2\/pages\/1907\/revisions"}],"predecessor-version":[{"id":9091,"href":"https:\/\/www.ismm.edu.cu\/index.php\/wp-json\/wp\/v2\/pages\/1907\/revisions\/9091"}],"wp:attachment":[{"href":"https:\/\/www.ismm.edu.cu\/index.php\/wp-json\/wp\/v2\/media?parent=1907"}],"curies":[{"name":"wp","href":"https:\/\/api.w.org\/{rel}","templated":true}]}}