{"id":1896,"date":"2019-12-18T19:26:47","date_gmt":"2019-12-18T19:26:47","guid":{"rendered":"https:\/\/www.ismm.edu.cu\/?page_id=774"},"modified":"2024-09-24T15:02:02","modified_gmt":"2024-09-24T15:02:02","slug":"catedra-honorifica","status":"publish","type":"page","link":"https:\/\/www.ismm.edu.cu\/index.php\/catedra-honorifica\/","title":{"rendered":"Catedra Honorifica"},"content":{"rendered":"<p>[et_pb_section fb_built=\u00bb1&#8243; custom_padding_last_edited=\u00bbon|desktop\u00bb admin_label=\u00bbHeader\u00bb _builder_version=\u00bb4.27.0&#8243; background_image=\u00bbhttps:\/\/www.ismm.edu.cu\/wp-content\/uploads\/2024\/09\/IMG_3452-scaled.jpg\u00bb background_enable_video_mp4=\u00bboff\u00bb custom_padding=\u00bb10vh|0|16vh||false|false\u00bb custom_padding_tablet=\u00bb10vh||10vh||false\u00bb custom_padding_phone=\u00bb5vh||5vh||false\u00bb top_divider_style=\u00bbwave2&#8243; top_divider_color=\u00bbrgba(12,113,195,0.11)\u00bb top_divider_height=\u00bb100%\u00bb top_divider_flip=\u00bbhorizontal\u00bb bottom_divider_style=\u00bbcurve\u00bb bottom_divider_color=\u00bb#ffffff\u00bb bottom_divider_height=\u00bb3vw\u00bb bottom_divider_flip=\u00bbvertical\u00bb hover_enabled=\u00bb0&#8243; global_module=\u00bb5241&#8243; global_colors_info=\u00bb{}\u00bb title_text=\u00bbIMG_3452&#8243; sticky_enabled=\u00bb0&#8243;][et_pb_row _builder_version=\u00bb4.16&#8243; min_height=\u00bb267.4px\u00bb custom_margin=\u00bb|auto|48px|auto||\u00bb custom_padding=\u00bb112px|||||\u00bb global_colors_info=\u00bb{}\u00bb][et_pb_column type=\u00bb4_4&#8243; _builder_version=\u00bb4.16&#8243; custom_padding=\u00bb|||\u00bb global_colors_info=\u00bb{}\u00bb custom_padding__hover=\u00bb|||\u00bb][et_pb_text _builder_version=\u00bb4.16&#8243; text_font=\u00bb||||||||\u00bb ul_font=\u00bb||||||||\u00bb ol_font=\u00bb||||||||\u00bb header_font=\u00bb||||||||\u00bb header_text_color=\u00bb#000000&#8243; header_font_size=\u00bb67px\u00bb header_letter_spacing=\u00bb1px\u00bb header_line_height=\u00bb1.2em\u00bb header_2_font=\u00bbVollkorn||||||||\u00bb header_2_font_size=\u00bb44px\u00bb header_2_letter_spacing=\u00bb1px\u00bb header_2_line_height=\u00bb1.4em\u00bb header_3_font=\u00bb||||||||\u00bb header_4_font=\u00bb||||||||\u00bb header_5_font=\u00bb||||||||\u00bb header_6_font=\u00bb||||||||\u00bb background_layout=\u00bbdark\u00bb max_width=\u00bb1044px\u00bb module_alignment=\u00bbleft\u00bb custom_margin=\u00bb-21px|229px|20px|||\u00bb custom_padding=\u00bb0px|2px||||\u00bb animation_style=\u00bbslide\u00bb animation_direction=\u00bbleft\u00bb animation_intensity_slide=\u00bb2%\u00bb header_font_size_tablet=\u00bb35px\u00bb header_font_size_phone=\u00bb30px\u00bb header_font_size_last_edited=\u00bbon|desktop\u00bb header_2_font_size_tablet=\u00bb35px\u00bb header_2_font_size_phone=\u00bb30px\u00bb header_2_font_size_last_edited=\u00bbon|desktop\u00bb global_colors_info=\u00bb{}\u00bb]<\/p>\n<h1><\/h1>\n<h1 class=\"entry-title td-page-title\"><span style=\"color: #ffffff;\"><strong>C\u00e1tedras Honor\u00edficas<\/strong><\/span><\/h1>\n<h2><\/h2>\n<p>[\/et_pb_text][\/et_pb_column][\/et_pb_row][\/et_pb_section][et_pb_section fb_built=\u00bb1&#8243; make_equal=\u00bbon\u00bb specialty=\u00bbon\u00bb background_color_2=\u00bb#ffffff\u00bb padding_top_1=\u00bb60px\u00bb padding_top_2=\u00bb120px\u00bb padding_right_2=\u00bb40px\u00bb padding_left_1=\u00bb30px\u00bb padding_left_2=\u00bb40px\u00bb padding_top_bottom_link_1=\u00bbfalse\u00bb padding_left_right_link_1=\u00bbfalse\u00bb padding_left_right_link_2=\u00bbtrue\u00bb padding_2_tablet=\u00bb0px|||\u00bb padding_2_phone=\u00bb40px|10px|40px|10px||true\u00bb padding_2_last_edited=\u00bbon|tablet\u00bb admin_label=\u00bbFeature\u00bb _builder_version=\u00bb4.16&#8243; background_enable_image=\u00bboff\u00bb background_size=\u00bbinitial\u00bb background_position=\u00bbbottom_center\u00bb custom_padding=\u00bb54px|0px|0|0px|false|false\u00bb global_colors_info=\u00bb{}\u00bb][et_pb_column type=\u00bb1_2&#8243; specialty_columns=\u00bb2&#8243; _builder_version=\u00bb4.16&#8243; background_color=\u00bb#393e56&#8243; custom_padding=\u00bb|||\u00bb global_colors_info=\u00bb{}\u00bb custom_padding__hover=\u00bb|||\u00bb][et_pb_row_inner _builder_version=\u00bb4.16&#8243; _module_preset=\u00bbdefault\u00bb global_colors_info=\u00bb{}\u00bb][et_pb_column_inner saved_specialty_column_type=\u00bb1_2&#8243; _builder_version=\u00bb4.16&#8243; _module_preset=\u00bbdefault\u00bb global_colors_info=\u00bb{}\u00bb][et_pb_image src=\u00bbhttps:\/\/www.ismm.edu.cu\/wp-content\/uploads\/2018\/01\/20180126_083149.jpg\u00bb title_text=\u00bb20180126_083149&#8243; _builder_version=\u00bb4.16&#8243; _module_preset=\u00bbdefault\u00bb global_colors_info=\u00bb{}\u00bb][\/et_pb_image][\/et_pb_column_inner][\/et_pb_row_inner][\/et_pb_column][et_pb_column type=\u00bb1_2&#8243; _builder_version=\u00bb4.16&#8243; background_color=\u00bb#ffffff\u00bb custom_padding=\u00bb|||\u00bb global_colors_info=\u00bb{}\u00bb padding_phone=\u00bb40px|10px|40px|10px||true\u00bb padding_tablet=\u00bb0px|||\u00bb padding_last_edited=\u00bbon|tablet\u00bb custom_padding__hover=\u00bb|||\u00bb][et_pb_toggle title=\u00bbEstudio de la Obra y el Pensamiento de Jos\u00e9 Mart\u00ed P\u00e9rez\u00bb _builder_version=\u00bb4.16&#8243; global_colors_info=\u00bb{}\u00bb]<\/p>\n<p>Adscripta al Departamento de Historia y Marxismo-Leninismo<\/p>\n<p>Presidente el M. Sc. Carlos S\u00e1nchez Cuti\u00f1o<strong><span> <br \/><\/span><\/strong><\/p>\n<p>Fue creada el 23\/11\/1993<\/p>\n<p><strong>\u00a0<\/strong><strong>L\u00edneas de investigaci\u00f3n<\/strong><\/p>\n<ul>\n<li>Vida y obra de Jos\u00e9 Mart\u00ed<\/li>\n<li>Pensamiento Pol\u00edtico y Econ\u00f3mico; \u00c9tica<\/li>\n<li>Vigencia del Pensamiento Martiano<\/li>\n<\/ul>\n<p>[\/et_pb_toggle][et_pb_toggle title=\u00bb Estudio de la Obra y el Pensamiento de Ernesto Che Guevara \u201cPensar al Che\u201d\u00bb _builder_version=\u00bb4.16&#8243; global_colors_info=\u00bb{}\u00bb]<\/p>\n<p>Adscripta al Departamento de Historia y Marxismo-Leninismo, en coordinaci\u00f3n con la Empresa Productora de N\u00edquel y Cobalto \u201cComandante Ernesto Che Guevara\u201d<\/p>\n<p>Presidente, Lic. \u00c1lvaro Perdomo Hern\u00e1ndez <\/p>\n<p>Fue creada el 17\/09\/2003<\/p>\n<p><strong>L\u00edneas de investigaci\u00f3n<\/strong><\/p>\n<ul>\n<li>Vida y obra del Che<\/li>\n<li>Pensamiento Econ\u00f3mico y Pol\u00edtico<\/li>\n<li>V\u00ednculo del Che con la Miner\u00eda<\/li>\n<li>Investigaci\u00f3n y difusi\u00f3n de la obra del Guerrillero<\/li>\n<li>Aplicaci\u00f3n del Pensamiento Econ\u00f3mico del Che.<\/li>\n<\/ul>\n<p>[\/et_pb_toggle][et_pb_toggle title=\u00bb Segundo Frente Oriental \u201cFrank Pa\u00eds Garc\u00eda\u201d\u00bb _builder_version=\u00bb4.16&#8243; global_colors_info=\u00bb{}\u00bb]<\/p>\n<p>Adscripta al Departamento de Ense\u00f1anza Militar<\/p>\n<p>Presidente es el M. Sc. Eddy Luis Terrero Montero<\/p>\n<p>Fue creada el 13\/11\/2004<\/p>\n<p><strong>L\u00edneas de investigaci\u00f3n<\/strong><\/p>\n<ul>\n<li>Vida y obra de los combatientes del Ej\u00e9rcito Rebelde.<\/li>\n<li>Lucha Clandestina, Lucha contra Bandidos e internacionalistas de la jurisdicci\u00f3n del II Frente Oriental.<\/li>\n<li style=\"text-align: justify;\">Hechos y procesos hist\u00f3ricos vinculados al II Frente Oriental y espec\u00edficamente a Moa.<\/li>\n<\/ul>\n<p>[\/et_pb_toggle][et_pb_toggle title=\u00bbVida y Obra de Antonio N\u00fa\u00f1ez Jim\u00e9nez\u00bb _builder_version=\u00bb4.16&#8243; global_colors_info=\u00bb{}\u00bb]<\/p>\n<p>Adscripta al Departamento de Desrrollo Local<span> <br \/><\/span><\/p>\n<p>Presidente: Esp.Yusmey Milagros Lias Pupo<\/p>\n<p>Fue creada el 20\/04\/2016<\/p>\n<p><strong>\u00a0<\/strong><strong>L\u00edneas de investigaci\u00f3n<\/strong><\/p>\n<ul>\n<li>Protecci\u00f3n, educaci\u00f3n y prevenci\u00f3n del medio ambiente, estudios de rocas y materiales f\u00f3siles, percepci\u00f3n de riesgos y vulnerabilidad y estudio\u00a0 del Patrimonio Ge\u00f3logo-Minero.<\/li>\n<\/ul>\n<p>[\/et_pb_toggle][et_pb_toggle title=\u00bbAdulto Mayor\u00bb _builder_version=\u00bb4.16&#8243; global_colors_info=\u00bb{}\u00bb]<\/p>\n<p>Adscripta al Departamento de Desarrollo Local<\/p>\n<p>Presidente: M. Sc. Marianela Cisnero Babastro<\/p>\n<p>Fue creada en el 2012<\/p>\n<p>&nbsp;<\/p>\n<p>[\/et_pb_toggle][et_pb_toggle title=\u00bbPensamiento y Obra de Fidel Castro Ruz\u00bb _builder_version=\u00bb4.16&#8243; global_colors_info=\u00bb{}\u00bb]<\/p>\n<p>Adscripta al Departamento de Historia y Marxismo-Leninismo<\/p>\n<p>Presidente: M. Sc. Efrain Santos Rodr\u00edguez Pe\u00f1a Fue creada el 19\/05\/2017<\/p>\n<p><strong>L\u00edneas de investigaci\u00f3n<\/strong><\/p>\n<ul>\n<li>Vida y Obra de Fidel Castro<\/li>\n<\/ul>\n<p>&nbsp;<\/p>\n<p>[\/et_pb_toggle][\/et_pb_column][\/et_pb_section][et_pb_section fb_built=\u00bb1&#8243; prev_background_color=\u00bb#ffffff\u00bb next_background_color=\u00bb#ffffff\u00bb admin_label=\u00bbCall To Action\u00bb _builder_version=\u00bb4.16&#8243; use_background_color_gradient=\u00bbon\u00bb background_color_gradient_direction=\u00bb70deg\u00bb background_color_gradient_stops=\u00bb#283d4b 0%|rgba(128,103,79,0.5) 100%\u00bb background_color_gradient_overlays_image=\u00bbon\u00bb background_color_gradient_start=\u00bb#283d4b\u00bb background_color_gradient_end=\u00bbrgba(128,103,79,0.5)\u00bb background_image=\u00bbhttps:\/\/www.ismm.edu.cu\/wp-content\/uploads\/2022\/02\/11.png\u00bb min_height=\u00bb497.2px\u00bb custom_margin=\u00bb-4px||-119px|||\u00bb custom_padding=\u00bb0vw||6vw||false|false\u00bb top_divider_style=\u00bbmountains2&#8243; top_divider_height=\u00bb18vw\u00bb top_divider_repeat=\u00bb0.5x\u00bb bottom_divider_style=\u00bbmountains2&#8243; bottom_divider_height=\u00bb14%\u00bb bottom_divider_repeat=\u00bb0.5x\u00bb bottom_divider_flip=\u00bbhorizontal\u00bb animation_style=\u00bbfade\u00bb background_color_gradient_stops_tablet=\u00bb#283d4b 0%|rgba(128,103,79,0.5) 100%\u00bb background_color_gradient_stops_phone=\u00bb#283d4b 0%|rgba(128,103,79,0.5) 100%\u00bb global_module=\u00bb5192&#8243; locked=\u00bboff\u00bb global_colors_info=\u00bb{}\u00bb][et_pb_row _builder_version=\u00bb4.16&#8243; background_color=\u00bbrgba(79,62,62,0)\u00bb background_enable_image=\u00bboff\u00bb custom_margin=\u00bb134px|auto|2px|auto|false|false\u00bb custom_padding=\u00bb232px|||||\u00bb animation_style=\u00bbzoom\u00bb animation_direction=\u00bbbottom\u00bb animation_intensity_zoom=\u00bb6%\u00bb locked=\u00bboff\u00bb global_colors_info=\u00bb{}\u00bb][et_pb_column type=\u00bb4_4&#8243; _builder_version=\u00bb4.16&#8243; custom_padding=\u00bb|||\u00bb global_colors_info=\u00bb{}\u00bb custom_padding__hover=\u00bb|||\u00bb][et_pb_text _builder_version=\u00bb4.16&#8243; text_font=\u00bb||||||||\u00bb header_font=\u00bb||||||||\u00bb header_2_font=\u00bb||||||||\u00bb header_2_text_color=\u00bb#ffffff\u00bb header_2_font_size=\u00bb36px\u00bb header_2_line_height=\u00bb1.3em\u00bb text_orientation=\u00bbcenter\u00bb background_layout=\u00bbdark\u00bb max_width=\u00bb530px\u00bb module_alignment=\u00bbcenter\u00bb min_height=\u00bb69.8px\u00bb custom_margin=\u00bb-92px|||||\u00bb custom_padding=\u00bb0px||0px|||\u00bb locked=\u00bboff\u00bb global_colors_info=\u00bb{}\u00bb header_font_size__hover=\u00bb30px\u00bb header_font_size__hover_enabled=\u00bb30px\u00bb header_letter_spacing__hover=\u00bb0px\u00bb header_letter_spacing__hover_enabled=\u00bb0px\u00bb header_text_shadow_style__hover=\u00bbnone\u00bb header_text_shadow_style__hover_enabled=\u00bbnone\u00bb header_text_shadow_color__hover=\u00bbrgba(0,0,0,0.4)\u00bb header_text_shadow_color__hover_enabled=\u00bbrgba(0,0,0,0.4)\u00bb]<\/p>\n<h2>Cont\u00e1ctenos<\/h2>\n<p>[\/et_pb_text][et_pb_divider color=\u00bb#09e1c0&#8243; divider_weight=\u00bb4px\u00bb disabled_on=\u00bbon|on|off\u00bb _builder_version=\u00bb4.16&#8243; background_size=\u00bbinitial\u00bb background_position=\u00bbtop_left\u00bb background_repeat=\u00bbrepeat\u00bb max_width=\u00bb40px\u00bb module_alignment=\u00bbcenter\u00bb custom_margin=\u00bb||10px|\u00bb animation_style=\u00bbzoom\u00bb animation_direction=\u00bbleft\u00bb locked=\u00bboff\u00bb global_colors_info=\u00bb{}\u00bb][\/et_pb_divider][et_pb_text _builder_version=\u00bb4.16&#8243; text_font=\u00bb|300|||||||\u00bb text_text_color=\u00bb#ffffff\u00bb text_font_size=\u00bb16px\u00bb text_line_height=\u00bb1.9em\u00bb text_orientation=\u00bbcenter\u00bb background_layout=\u00bbdark\u00bb max_width=\u00bb540px\u00bb module_alignment=\u00bbcenter\u00bb custom_padding=\u00bb||4px|||\u00bb locked=\u00bboff\u00bb global_colors_info=\u00bb{}\u00bb]<\/p>\n<div class=\"textwidget\">\n<div style=\"text-align: center;\" align=\"justify\">Avenida Calixto Garc\u00eda I\u00f1iguez #15 entre\u00a0 Av. 7 de Diciembre y Calle Reynaldo Laffita Rueda, Rpto Caribe, Moa, Holgu\u00edn. cp:83330<br \/>+53 24604214<br \/>comunicacion@ismm.edu.cu<\/div>\n<\/div>\n<p>[\/et_pb_text][\/et_pb_column][\/et_pb_row][\/et_pb_section]<\/p>\n","protected":false},"excerpt":{"rendered":"<p>C\u00e1tedras Honor\u00edficas Adscripta al Departamento de Historia y Marxismo-Leninismo Presidente el M. Sc. Carlos S\u00e1nchez Cuti\u00f1o Fue creada el 23\/11\/1993 \u00a0L\u00edneas de investigaci\u00f3n Vida y obra de Jos\u00e9 Mart\u00ed Pensamiento Pol\u00edtico y Econ\u00f3mico; \u00c9tica Vigencia del Pensamiento Martiano Adscripta al Departamento de Historia y Marxismo-Leninismo, en coordinaci\u00f3n con la Empresa Productora de N\u00edquel y Cobalto [&hellip;]<\/p>\n","protected":false},"author":10,"featured_media":0,"parent":0,"menu_order":0,"comment_status":"closed","ping_status":"closed","template":"","meta":{"_et_pb_use_builder":"on","_et_pb_old_content":"","_et_gb_content_width":"","footnotes":""},"class_list":["post-1896","page","type-page","status-publish","hentry"],"_links":{"self":[{"href":"https:\/\/www.ismm.edu.cu\/index.php\/wp-json\/wp\/v2\/pages\/1896"}],"collection":[{"href":"https:\/\/www.ismm.edu.cu\/index.php\/wp-json\/wp\/v2\/pages"}],"about":[{"href":"https:\/\/www.ismm.edu.cu\/index.php\/wp-json\/wp\/v2\/types\/page"}],"author":[{"embeddable":true,"href":"https:\/\/www.ismm.edu.cu\/index.php\/wp-json\/wp\/v2\/users\/10"}],"replies":[{"embeddable":true,"href":"https:\/\/www.ismm.edu.cu\/index.php\/wp-json\/wp\/v2\/comments?post=1896"}],"version-history":[{"count":8,"href":"https:\/\/www.ismm.edu.cu\/index.php\/wp-json\/wp\/v2\/pages\/1896\/revisions"}],"predecessor-version":[{"id":8128,"href":"https:\/\/www.ismm.edu.cu\/index.php\/wp-json\/wp\/v2\/pages\/1896\/revisions\/8128"}],"wp:attachment":[{"href":"https:\/\/www.ismm.edu.cu\/index.php\/wp-json\/wp\/v2\/media?parent=1896"}],"curies":[{"name":"wp","href":"https:\/\/api.w.org\/{rel}","templated":true}]}}